
{"id":8680,"date":"2018-10-16T17:10:59","date_gmt":"2018-10-16T17:10:59","guid":{"rendered":"https:\/\/arquitectura.uanl.mx\/?page_id=8680"},"modified":"2018-10-16T17:13:27","modified_gmt":"2018-10-16T17:13:27","slug":"cedula-profesional","status":"publish","type":"page","link":"https:\/\/arquitectura.uanl.mx\/en\/cedula-profesional\/","title":{"rendered":"C\u00e9dula profesional"},"content":{"rendered":"<p>A partir del d\u00eda 1o. de Octubre de 2018 el tr\u00e1mite de la c\u00e9dula profesional electr\u00f3nica no se realiza en esta Universidad, el interesado debe realizarlo directamente ante la Direcci\u00f3n General de Profesiones.<\/p>\n<p>Se puede tramitar de manera presencial o en l\u00ednea, para el procedimiento en l\u00ednea se requiere contar con su e-firma, CURP y realizar el pago correspondiente con tarjeta de cr\u00e9dito o d\u00e9bito.<\/p>\n<p>Para mayor informaci\u00f3n puede acceder al sitio web de dicho tr\u00e1mite, dando clic en el bot\u00f3n color azul ubicado en esta p\u00e1gina.<\/p>","protected":false},"excerpt":{"rendered":"<p>A partir del d\u00eda 1o. de Octubre de 2018 el tr\u00e1mite de la c\u00e9dula profesional electr\u00f3nica no se realiza en esta Universidad, el interesado debe realizarlo directamente ante la Direcci\u00f3n General de Profesiones. Se puede tramitar de manera presencial o en l\u00ednea, para el procedimiento en l\u00ednea se requiere contar con su e-firma, CURP y [&hellip;]<\/p>","protected":false},"author":2,"featured_media":0,"parent":0,"menu_order":0,"comment_status":"closed","ping_status":"closed","template":"page-templates\/template_contenido_estandar_page.php","meta":[],"tags":[],"_links":{"self":[{"href":"https:\/\/arquitectura.uanl.mx\/en\/wp-json\/wp\/v2\/pages\/8680"}],"collection":[{"href":"https:\/\/arquitectura.uanl.mx\/en\/wp-json\/wp\/v2\/pages"}],"about":[{"href":"https:\/\/arquitectura.uanl.mx\/en\/wp-json\/wp\/v2\/types\/page"}],"author":[{"embeddable":true,"href":"https:\/\/arquitectura.uanl.mx\/en\/wp-json\/wp\/v2\/users\/2"}],"replies":[{"embeddable":true,"href":"https:\/\/arquitectura.uanl.mx\/en\/wp-json\/wp\/v2\/comments?post=8680"}],"version-history":[{"count":2,"href":"https:\/\/arquitectura.uanl.mx\/en\/wp-json\/wp\/v2\/pages\/8680\/revisions"}],"predecessor-version":[{"id":8691,"href":"https:\/\/arquitectura.uanl.mx\/en\/wp-json\/wp\/v2\/pages\/8680\/revisions\/8691"}],"wp:attachment":[{"href":"https:\/\/arquitectura.uanl.mx\/en\/wp-json\/wp\/v2\/media?parent=8680"}],"wp:term":[{"taxonomy":"post_tag","embeddable":true,"href":"https:\/\/arquitectura.uanl.mx\/en\/wp-json\/wp\/v2\/tags?post=8680"}],"curies":[{"name":"wp","href":"https:\/\/api.w.org\/{rel}","templated":true}]}}