
{"id":8671,"date":"2018-10-16T17:26:49","date_gmt":"2018-10-16T17:26:49","guid":{"rendered":"https:\/\/arquitectura.uanl.mx\/?page_id=8671"},"modified":"2018-10-18T21:56:35","modified_gmt":"2018-10-18T21:56:35","slug":"inscripcion-por-cambio-de-carrera-o-facultad-de-la-uanl","status":"publish","type":"page","link":"https:\/\/arquitectura.uanl.mx\/en\/inscripcion-por-cambio-de-carrera-o-facultad-de-la-uanl\/","title":{"rendered":"Inscripci\u00f3n por cambio de carrera o Facultad de la UANL"},"content":{"rendered":"<p>Los estudiantes que deseen hacer cambio de carrera y\/o facultad de la UANL, deber\u00e1n cumplir con los requisitos que se indican a continuaci\u00f3n:<\/p>\n<p>&nbsp;<\/p>\n<ul>\n<li>Identificar la facultad que ofrece el programa educativo que desee cursar.<\/li>\n<li>Acudir a la facultad que cuenta con dicho programa educativo y solicitar la informaci\u00f3n para realizar el cambio.<\/li>\n<li>Con base en el reglamento interno, se le informar\u00e1 si es factible realizar el cambio de facultad.<\/li>\n<li>Si la facultad lo autoriza, deber\u00e1 realizar el registro para el Concurso de Ingreso y<\/li>\n<li>Una vez aceptado, ingrese a la p\u00e1gina <a href=\"https:\/\/arquitectura.uanl.mx\/en\/enlinea\/\">https:\/\/arquitectura.uanl.mx\/enlinea<\/a>, donde deber\u00e1 colocar su n\u00famero de matr\u00edcula y contrase\u00f1a, las cuales ser\u00e1n proporcionadas por su facultad.<\/li>\n<li>Al ingresar, imprimael formato de\u00a0inscripci\u00f3n,en el cual se indica el d\u00eda, la hora y la ventanilla a la que deben acudir en el Departamento Escolar y de Archivo a realizar su inscripci\u00f3n definitiva.<\/li>\n<li>Posteriormente, deber\u00e1 efectuar el pago del recibo de cuotas escolares en la instituci\u00f3n bancaria indicada o por la Tesorer\u00eda General de la UANL, antes de la fecha de vencimiento.<\/li>\n<li>Presentarse en la Divisi\u00f3n de Inscripciones y Credencializaci\u00f3n del Departamento Escolar y de Archivo, instalada en la planta baja, ala sur del edificio anexo a la Torre de Rector\u00eda, el d\u00eda y hora indicada en la ventanilla programada en el formato de inscripci\u00f3n con los siguientes documentos:<\/li>\n<\/ul>\n<p><b>Documentos Obligatorios<\/b><\/p>\n<ul>\n<li>Formato\u00a0de inscripci\u00f3n.<\/li>\n<li>Original y copia del K\u00e1rdex reciente de la facultad de procedencia, sellado y certificado por la misma.<\/li>\n<li><span lang=\"ES-TRAD\">Presentar credencial universitaria vigente para resello del semestre a cursar.<\/span><\/li>\n<li>Presentar copia de Identificaci\u00f3n\u00a0con fotograf\u00eda. (INE, Pasaporte, IMSS, etc.).<\/li>\n<li>Original y copia del recibo depago de cuotas escolares,sellado\u00a0por el banco o por Tesorer\u00eda General de la UANL.<\/li>\n<\/ul>\n<p>NOTA:<\/p>\n<p>Le sugerimos no hacer el registro al concurso de ingreso hasta que no cuente con la informaci\u00f3n precisa por parte de la facultad que ofrece el programa educativo de su inter\u00e9s.<\/p>\n<p>El Departamento Escolar y de Archivo de la Universidad Aut\u00f3noma de Nuevo Le\u00f3n, se apega a los siguientes art\u00edculos de su Reglamento General sobre los Procedimientos de Admisi\u00f3n y Permanencia de los Estudiantes.<\/p>\n<p>CAP\u00cdTULO I<\/p>\n<p>Consideraciones generales<\/p>\n<p>Art\u00edculo 5.- Solo el Departamento Escolar y de Archivo podr\u00e1 otorgar inscripci\u00f3n y matr\u00edcula y, por consiguiente, los derechos como estudiante universitario.<\/p>\n<p>Art\u00edculo 6.- Ning\u00fan aspirante podr\u00e1 inscribirse a un programa educativo que se ofrece en una escuela o facultad sin haber terminado el nivel educativo anterior, de lo contrario incurrir\u00eda en violaci\u00f3n de ciclos educativos.<\/p>\n<p>CAP\u00cdTULO IV<\/p>\n<p>De los cambios de programa educativo<\/p>\n<p>Art\u00edculo 38.- El estudiante inscrito en un programa educativo de licenciatura, podr\u00e1 optar en cualquier momento por un cambio de programa, en la misma facultad o en otra, inclusive una vez agotada la sexta oportunidad, sujet\u00e1ndose a lo establecido en este Reglamento y en el Reglamento Interno. En caso de agotar las seis oportunidades en alguna unidad de aprendizaje del segundo programa educativo, no podr\u00e1 inscribirse a otro programa.<\/p>","protected":false},"excerpt":{"rendered":"<p>Los estudiantes que deseen hacer cambio de carrera y\/o facultad de la UANL, deber\u00e1n cumplir con los requisitos que se indican a continuaci\u00f3n: &nbsp; Identificar la facultad que ofrece el programa educativo que desee cursar. Acudir a la facultad que cuenta con dicho programa educativo y solicitar la informaci\u00f3n para realizar el cambio. Con base [&hellip;]<\/p>","protected":false},"author":2,"featured_media":0,"parent":0,"menu_order":0,"comment_status":"closed","ping_status":"closed","template":"page-templates\/template_contenido_estandar_page.php","meta":[],"tags":[],"_links":{"self":[{"href":"https:\/\/arquitectura.uanl.mx\/en\/wp-json\/wp\/v2\/pages\/8671"}],"collection":[{"href":"https:\/\/arquitectura.uanl.mx\/en\/wp-json\/wp\/v2\/pages"}],"about":[{"href":"https:\/\/arquitectura.uanl.mx\/en\/wp-json\/wp\/v2\/types\/page"}],"author":[{"embeddable":true,"href":"https:\/\/arquitectura.uanl.mx\/en\/wp-json\/wp\/v2\/users\/2"}],"replies":[{"embeddable":true,"href":"https:\/\/arquitectura.uanl.mx\/en\/wp-json\/wp\/v2\/comments?post=8671"}],"version-history":[{"count":2,"href":"https:\/\/arquitectura.uanl.mx\/en\/wp-json\/wp\/v2\/pages\/8671\/revisions"}],"predecessor-version":[{"id":9065,"href":"https:\/\/arquitectura.uanl.mx\/en\/wp-json\/wp\/v2\/pages\/8671\/revisions\/9065"}],"wp:attachment":[{"href":"https:\/\/arquitectura.uanl.mx\/en\/wp-json\/wp\/v2\/media?parent=8671"}],"wp:term":[{"taxonomy":"post_tag","embeddable":true,"href":"https:\/\/arquitectura.uanl.mx\/en\/wp-json\/wp\/v2\/tags?post=8671"}],"curies":[{"name":"wp","href":"https:\/\/api.w.org\/{rel}","templated":true}]}}