
{"id":6488,"date":"2018-10-04T16:21:53","date_gmt":"2018-10-04T16:21:53","guid":{"rendered":"https:\/\/arquitectura.uanl.mx\/?page_id=6488"},"modified":"2018-10-04T16:21:53","modified_gmt":"2018-10-04T16:21:53","slug":"publicaciones-revista-reforma","status":"publish","type":"page","link":"https:\/\/arquitectura.uanl.mx\/en\/publicaciones-revista-reforma\/","title":{"rendered":"Reforma"},"content":{"rendered":"<p>Reforma Siglo XXI, \u00d3rgano de Difusi\u00f3n Cient\u00edfica y Cultural , Publicaci\u00f3n Trimestral de la Preparatoria No. 3 de la UANL<\/p>","protected":false},"excerpt":{"rendered":"<p>Reforma Siglo XXI, \u00d3rgano de Difusi\u00f3n Cient\u00edfica y Cultural , Publicaci\u00f3n Trimestral de la Preparatoria No. 3 de la UANL<\/p>","protected":false},"author":2,"featured_media":0,"parent":0,"menu_order":0,"comment_status":"closed","ping_status":"closed","template":"page-templates\/template_contenido_estandar_page.php","meta":[],"tags":[],"_links":{"self":[{"href":"https:\/\/arquitectura.uanl.mx\/en\/wp-json\/wp\/v2\/pages\/6488"}],"collection":[{"href":"https:\/\/arquitectura.uanl.mx\/en\/wp-json\/wp\/v2\/pages"}],"about":[{"href":"https:\/\/arquitectura.uanl.mx\/en\/wp-json\/wp\/v2\/types\/page"}],"author":[{"embeddable":true,"href":"https:\/\/arquitectura.uanl.mx\/en\/wp-json\/wp\/v2\/users\/2"}],"replies":[{"embeddable":true,"href":"https:\/\/arquitectura.uanl.mx\/en\/wp-json\/wp\/v2\/comments?post=6488"}],"version-history":[{"count":1,"href":"https:\/\/arquitectura.uanl.mx\/en\/wp-json\/wp\/v2\/pages\/6488\/revisions"}],"predecessor-version":[{"id":6499,"href":"https:\/\/arquitectura.uanl.mx\/en\/wp-json\/wp\/v2\/pages\/6488\/revisions\/6499"}],"wp:attachment":[{"href":"https:\/\/arquitectura.uanl.mx\/en\/wp-json\/wp\/v2\/media?parent=6488"}],"wp:term":[{"taxonomy":"post_tag","embeddable":true,"href":"https:\/\/arquitectura.uanl.mx\/en\/wp-json\/wp\/v2\/tags?post=6488"}],"curies":[{"name":"wp","href":"https:\/\/api.w.org\/{rel}","templated":true}]}}