
{"id":6366,"date":"2018-10-02T23:30:21","date_gmt":"2018-10-02T23:30:21","guid":{"rendered":"https:\/\/arquitectura.uanl.mx\/?page_id=6366"},"modified":"2025-06-12T10:48:36","modified_gmt":"2025-06-12T16:48:36","slug":"normatividad-vigente","status":"publish","type":"page","link":"https:\/\/arquitectura.uanl.mx\/en\/normatividad-vigente\/","title":{"rendered":"Policies"},"content":{"rendered":"<p>On this section you can find the current regulations of the UANL School of Architecture<\/p>\n<div class=\"vc_row wpb_row section vc_row-fluid\">\n<div class=\"full_section_inner clearfix\">\n<div class=\"wpb_column vc_column_container vc_col-sm-12\">\n<div class=\"vc_column-inner\">\n<div class=\"wpb_wrapper\">\n<div class=\"wpb_text_column wpb_content_element\">\n<div class=\"wpb_wrapper\">\n<h3>Internal regulations<\/h3>\n<\/div>\n<\/div>\n<div class=\"wpb_text_column wpb_content_element\">\n<div class=\"wpb_wrapper\">\n<ul>\n<li><a href=\"http:\/\/arquitectura.uanl.mx\/wp-content\/uploads\/2023\/08\/TITULO-PRIMERO-De-la-Naturaleza-y-Fines-de-la-Facultad.pdf\">T\u00cdTULO PRIMERO &#8211; De la Naturaleza y Fines de la Facultad.<\/a><\/li>\n<li><a href=\"http:\/\/arquitectura.uanl.mx\/wp-content\/uploads\/2023\/08\/TITULO-SEGUNDO-Del-Gobierno-de-la-Facultad.pdf\">T\u00cdTULO SEGUNDO &#8211; Del Gobierno de la Facultad.<\/a><\/li>\n<li><a href=\"http:\/\/arquitectura.uanl.mx\/wp-content\/uploads\/2023\/08\/TITULO-TERCERO-Del-Personal-Acade\u0301mico.pdf\">T\u00cdTULO TERCERO &#8211; Del Personal Acade\u0301mico.<\/a><\/li>\n<li><a href=\"http:\/\/arquitectura.uanl.mx\/wp-content\/uploads\/2023\/08\/TITULO-DECIMO-CUARTO-Del-Patrimonio-Universitario.pdf\">T\u00cdTULO CUARTO &#8211; De los Alumnos.<\/a><\/li>\n<li><a href=\"http:\/\/arquitectura.uanl.mx\/wp-content\/uploads\/2023\/08\/TITULO-QUINTO-De-los-Procedimientos-de-Admisio\u0301n-y-Permanencia-de-los-Alumnos.pdf\">T\u00cdTULO QUINTO &#8211; De los Procedimientos de Admisio\u0301n y Permanencia de los Alumnos.<\/a><\/li>\n<li><a href=\"http:\/\/arquitectura.uanl.mx\/wp-content\/uploads\/2023\/08\/TITULO-SEXTO-De-las-Evaluaciones.pdf\">T\u00cdTULO SEXTO &#8211; De las Evaluaciones.<\/a><\/li>\n<li><a href=\"http:\/\/arquitectura.uanl.mx\/wp-content\/uploads\/2023\/08\/TITULO-SEPTIMO-De-la-Certificacio\u0301n-de-Estudios.pdf\">T\u00cdTULO SEPTIMO &#8211; De la Certificacio\u0301n de Estudios.<\/a><\/li>\n<li><a href=\"http:\/\/arquitectura.uanl.mx\/wp-content\/uploads\/2023\/08\/TITULO-OCTAVO-Del-Servicio-Social-y-Practicas-Profesionales.pdf\">T\u00cdTULO OCTAVO &#8211; Del Servicio Social y Practicas Profesionales.<\/a><\/li>\n<li><a href=\"http:\/\/arquitectura.uanl.mx\/wp-content\/uploads\/2023\/08\/TITULO-NOVENO-Del-Proceso-de-Titulacion.pdf\">T\u00cdTULO NOVENO &#8211; Del Proceso de Titulaci\u00f3n.<\/a><\/li>\n<li><a href=\"http:\/\/arquitectura.uanl.mx\/wp-content\/uploads\/2023\/08\/TITULO-DECIMO-De-la-Division-de-Estudios-de-Posgrado.pdf\">T\u00cdTULO D\u00c9CIMO &#8211; De la Divisi\u00f3n de Estudios de Posgrado.<\/a><\/li>\n<li><a href=\"http:\/\/arquitectura.uanl.mx\/wp-content\/uploads\/2023\/08\/TITULO-DECIMO-PRIMERO-De-los-Reconocimientos-y-Estimulos.pdf\">T\u00cdTULO D\u00c9CIMO\u00a0PRIMERO &#8211; De los Reconocimientos y Est\u00edmulos.<\/a><\/li>\n<li><a href=\"http:\/\/arquitectura.uanl.mx\/wp-content\/uploads\/2023\/08\/TITULO-DECIMO-SEGUNDO-De-la-Responsabilidad-Universitaria.pdf\">T\u00cdTULO D\u00c9CIMO\u00a0SEGUNDO &#8211; De la Responsabilidad Universitaria.<\/a><\/li>\n<li><a href=\"http:\/\/arquitectura.uanl.mx\/wp-content\/uploads\/2023\/08\/TITULO-DECIMO-TERCERO-De-los-Consejos-Consultivos.pdf\">T\u00cdTULO D\u00c9CIMO\u00a0TERCERO &#8211; De los Consejos Consultivos.<\/a><\/li>\n<li><a href=\"http:\/\/arquitectura.uanl.mx\/wp-content\/uploads\/2023\/08\/TITULO-CUARTO-De-los-Alumnos.pdf\">T\u00cdTULO D\u00c9CIMO CUARTO &#8211; Del Patrimonio Universitario.<\/a><\/li>\n<li><a href=\"http:\/\/arquitectura.uanl.mx\/wp-content\/uploads\/2023\/08\/TITULO-DECIMO-QUINTO-De-la-Transparencia-y-Acceso-a-la-Informacio\u0301n.pdf\">T\u00cdTULO D\u00c9CIMO\u00a0QUINTO &#8211; De la Transparencia y Acceso a la Informacio\u0301n.<\/a><\/li>\n<li><a href=\"http:\/\/arquitectura.uanl.mx\/wp-content\/uploads\/2023\/08\/TITULO-DECIMO-SEXTO-De-la-Internacionalizacio\u0301n.pdf\">T\u00cdTULO D\u00c9CIMO\u00a0SEXTO &#8211; De la Internacionalizacio\u0301n.<\/a><\/li>\n<li><a href=\"http:\/\/arquitectura.uanl.mx\/wp-content\/uploads\/2023\/08\/TITULO-DECIMO-SEPTIMO-De-la-Prevencio\u0301n-Sanitaria-y-Seguridad-Laboral.pdf\">T\u00cdTULO D\u00c9CIMO\u00a0SEPTIMO &#8211; De la Prevencio\u0301n Sanitaria y Seguridad Laboral.<\/a><\/li>\n<li><a href=\"http:\/\/arquitectura.uanl.mx\/wp-content\/uploads\/2023\/08\/TRANSITORIOS.pdf\">TRANSITORIOS.<\/a><\/li>\n<\/ul>\n<\/div>\n<\/div>\n<\/div>\n<\/div>\n<\/div>\n<\/div>\n<\/div>\n<div class=\"vc_row wpb_row section vc_row-fluid\">\n<div class=\"full_section_inner clearfix\">\n<div class=\"wpb_column vc_column_container vc_col-sm-12\">\n<div class=\"vc_column-inner\">\n<div class=\"wpb_wrapper\">\n<div class=\"vc_empty_space\"><\/div>\n<\/div>\n<\/div>\n<\/div>\n<\/div>\n<\/div>","protected":false},"excerpt":{"rendered":"<p>En esta p\u00e1gina puedes consultar la normatividad vigente de la Facultad de Arquitectura de la UANL. Reglamento interno de la Facultad Arquitectura, UANL. T\u00cdTULO PRIMERO &#8211; De la Naturaleza y Fines de la Facultad. T\u00cdTULO SEGUNDO &#8211; Del Gobierno de la Facultad. T\u00cdTULO TERCERO &#8211; Del Personal Acade\u0301mico. T\u00cdTULO CUARTO &#8211; De los Alumnos. T\u00cdTULO [&hellip;]<\/p>","protected":false},"author":2,"featured_media":0,"parent":0,"menu_order":0,"comment_status":"closed","ping_status":"closed","template":"page-templates\/template_contenido_estandar_page.php","meta":[],"tags":[],"_links":{"self":[{"href":"https:\/\/arquitectura.uanl.mx\/en\/wp-json\/wp\/v2\/pages\/6366"}],"collection":[{"href":"https:\/\/arquitectura.uanl.mx\/en\/wp-json\/wp\/v2\/pages"}],"about":[{"href":"https:\/\/arquitectura.uanl.mx\/en\/wp-json\/wp\/v2\/types\/page"}],"author":[{"embeddable":true,"href":"https:\/\/arquitectura.uanl.mx\/en\/wp-json\/wp\/v2\/users\/2"}],"replies":[{"embeddable":true,"href":"https:\/\/arquitectura.uanl.mx\/en\/wp-json\/wp\/v2\/comments?post=6366"}],"version-history":[{"count":23,"href":"https:\/\/arquitectura.uanl.mx\/en\/wp-json\/wp\/v2\/pages\/6366\/revisions"}],"predecessor-version":[{"id":49950,"href":"https:\/\/arquitectura.uanl.mx\/en\/wp-json\/wp\/v2\/pages\/6366\/revisions\/49950"}],"wp:attachment":[{"href":"https:\/\/arquitectura.uanl.mx\/en\/wp-json\/wp\/v2\/media?parent=6366"}],"wp:term":[{"taxonomy":"post_tag","embeddable":true,"href":"https:\/\/arquitectura.uanl.mx\/en\/wp-json\/wp\/v2\/tags?post=6366"}],"curies":[{"name":"wp","href":"https:\/\/api.w.org\/{rel}","templated":true}]}}