
{"id":6126,"date":"2018-09-21T18:06:45","date_gmt":"2018-09-21T18:06:45","guid":{"rendered":"https:\/\/arquitectura.uanl.mx\/?page_id=6126"},"modified":"2021-02-16T19:17:52","modified_gmt":"2021-02-17T01:17:52","slug":"programa-de-estimulos","status":"publish","type":"page","link":"https:\/\/arquitectura.uanl.mx\/en\/programa-de-estimulos\/","title":{"rendered":"Programa de est\u00edmulos al desempe\u00f1o del personal docente para el fortalecimiento de los cuerpos acad\u00e9micos"},"content":{"rendered":"<p>Este programa tiene la particularidad de estar orientado a los acad\u00e9micos que desarrollan actividades de docencia, investigaci\u00f3n, tutor\u00eda y participaci\u00f3n en cuerpos colegiados, y que a su vez cumplen con los requisitos establecidos en la reglamentaci\u00f3n institucional.<\/p>\n<p>&nbsp;<\/p>\n<p>Su finalidad es motivar y crear las condiciones econ\u00f3micas propicias para que el personal de calidad permanezca o se incorpore a la actividad docente, otorgando beneficios al personal acad\u00e9mico que destaque por su permanencia, dedicaci\u00f3n y calidad en el desempe\u00f1o acad\u00e9mico de las funciones sustantivas de la Universidad: docencia, investigaci\u00f3n y difusi\u00f3n de la cultura.<\/p>\n<p>&nbsp;<\/p>\n<p>Este beneficio es independiente de cualquier otra prestaci\u00f3n pactada con el organismo sindical respectivo y consiste en crear un fondo que permita al beneficiario obtener una cantidad mensual que va de una unidad de medida y actualizaci\u00f3n (UMA)\u00a0 para el nivel m\u00e1s bajo, a catorce UMAs para el m\u00e1s alto nivel alcanzado de acuerdo con sus reportes de actividades.<\/p>\n<p>&nbsp;<\/p>\n<p>El est\u00edmulo tendr\u00e1 una vigencia de un a\u00f1o a partir del 1 de abril hasta el 31 de marzo del a\u00f1o en curso y ser\u00e1n considerados para evaluar las actividades y productos realizados del 1 de enero al 31 de diciembre del a\u00f1o inmediato anterior a la fecha de la convocatoria.<\/p>\n<p>&nbsp;<\/p>\n<p>Para aplicar a este programa se tomar\u00e1n en cuenta tres factores fundamentales:<\/p>\n<ul>\n<li>La calidad en el desempe\u00f1o de las actividades acad\u00e9micas.<\/li>\n<li>La dedicaci\u00f3n a las mismas.<\/li>\n<li>La permanencia en dichas actividades.<\/li>\n<\/ul>\n<p>&nbsp;<\/p>\n<p>La informaci\u00f3n sobre las actividades realizadas por los profesores deber\u00e1 ser enviada para su revisi\u00f3n a trav\u00e9s de la plataforma SIASE mediante el Expediente \u00danico del Profesor Universitario, el cual est\u00e1 habilitado permanentemente.<\/p>\n<p>Para cualquier duda favor de comunicarse al Centro de Apoyo para el Expediente \u00danico \/ Programa de Est\u00edmulos, de lunes a viernes de 9:00 a 17:00 horas, o al correo electr\u00f3nico: <a href=\"mailto:ayuda.expediente@uanl.mx\">ayuda.expediente@uanl.mx<\/a>.<\/p>","protected":false},"excerpt":{"rendered":"<p>Este programa tiene la particularidad de estar orientado a los acad\u00e9micos que desarrollan actividades de docencia, investigaci\u00f3n, tutor\u00eda y participaci\u00f3n en cuerpos colegiados, y que a su vez cumplen con los requisitos establecidos en la reglamentaci\u00f3n institucional. &nbsp; Su finalidad es motivar y crear las condiciones econ\u00f3micas propicias para que el personal de calidad permanezca [&hellip;]<\/p>","protected":false},"author":2,"featured_media":0,"parent":0,"menu_order":0,"comment_status":"closed","ping_status":"closed","template":"page-templates\/template_contenido_estandar_page.php","meta":[],"tags":[],"_links":{"self":[{"href":"https:\/\/arquitectura.uanl.mx\/en\/wp-json\/wp\/v2\/pages\/6126"}],"collection":[{"href":"https:\/\/arquitectura.uanl.mx\/en\/wp-json\/wp\/v2\/pages"}],"about":[{"href":"https:\/\/arquitectura.uanl.mx\/en\/wp-json\/wp\/v2\/types\/page"}],"author":[{"embeddable":true,"href":"https:\/\/arquitectura.uanl.mx\/en\/wp-json\/wp\/v2\/users\/2"}],"replies":[{"embeddable":true,"href":"https:\/\/arquitectura.uanl.mx\/en\/wp-json\/wp\/v2\/comments?post=6126"}],"version-history":[{"count":20,"href":"https:\/\/arquitectura.uanl.mx\/en\/wp-json\/wp\/v2\/pages\/6126\/revisions"}],"predecessor-version":[{"id":44054,"href":"https:\/\/arquitectura.uanl.mx\/en\/wp-json\/wp\/v2\/pages\/6126\/revisions\/44054"}],"wp:attachment":[{"href":"https:\/\/arquitectura.uanl.mx\/en\/wp-json\/wp\/v2\/media?parent=6126"}],"wp:term":[{"taxonomy":"post_tag","embeddable":true,"href":"https:\/\/arquitectura.uanl.mx\/en\/wp-json\/wp\/v2\/tags?post=6126"}],"curies":[{"name":"wp","href":"https:\/\/api.w.org\/{rel}","templated":true}]}}