
{"id":6046,"date":"2018-09-17T18:09:23","date_gmt":"2018-09-17T18:09:23","guid":{"rendered":"https:\/\/arquitectura.uanl.mx\/?page_id=6046"},"modified":"2025-08-13T12:24:40","modified_gmt":"2025-08-13T18:24:40","slug":"sociedades-de-estudiantes","status":"publish","type":"page","link":"https:\/\/arquitectura.uanl.mx\/en\/sociedades-de-estudiantes\/","title":{"rendered":"Sociedades de Estudiantes"},"content":{"rendered":"<p>La <strong>Sociedad de Estudiantes de la Facultad de Arquitectura de la Universidad Aut\u00f3noma<\/strong> <strong>de Nuevo Le\u00f3n<\/strong> es un organismo representativo, integrado por alumnos de las distintas licenciaturas que conforman la facultad. Su principal funci\u00f3n es <strong>canalizar las inquietudes,<\/strong> <strong>propuestas y necesidades del estudiantado<\/strong>, actuando como v\u00ednculo entre los alumnos y las autoridades acad\u00e9micas, administrativas y universitarias.<\/p>\n<p>A trav\u00e9s de la organizaci\u00f3n de actividades acad\u00e9micas, culturales, deportivas y sociales, la Sociedad de Estudiantes promueve la participaci\u00f3n activa, el sentido de comunidad y el desarrollo integral del alumnado. Adem\u00e1s, tiene la responsabilidad de representar a los estudiantes en distintos espacios de decisi\u00f3n y di\u00e1logo institucional, asegurando una comunicaci\u00f3n efectiva y el fortalecimiento de la vida estudiantil dentro de la facultad.<\/p>\n<p><strong>Organigrama:<\/strong><\/p>\n<ul>\n<li>Presidenta: Yaridia Venancio \u2013 Licenciatura en Dise\u00f1o Industrial<\/li>\n<li>Consejero: Luis No\u00e9 Cabrera Guti\u00e9rrez- Licenciatura en Arquitectura<\/li>\n<li>Subconsejero: Kevin Gregorio Reyes Urista &#8211; Licenciatura en Arquitectura.<\/li>\n<li>Tesorera: Ana Patricia Valero Bernal &#8211; Licenciatura en Dise\u00f1o Industrial<\/li>\n<li>Secretaria: Ana Lizbeth M\u00e9ndez G\u00f3mez &#8211; Licenciatura en Dise\u00f1o Industrial<\/li>\n<li>Intercambio: Santiago Alejandro Guevara Torrellas- Licenciatura en Arquitectura<\/li>\n<li>Coordinador de actividades: Caleb Arturo Garza Hern\u00e1ndez &#8211; Licenciatura en Dise\u00f1o Industrial<\/li>\n<li>Coordinadora de actividades: Maritza Yamilet Garza Mu\u00f1oz &#8211; Licenciatura en Arquitectura y Ana Victoria Dom\u00ednguez Blancas &#8211; Licenciatura en Arquitectura<\/li>\n<\/ul>","protected":false},"excerpt":{"rendered":"<p>La Sociedad de Estudiantes de la Facultad de Arquitectura de la Universidad Aut\u00f3noma de Nuevo Le\u00f3n es un organismo representativo, integrado por alumnos de las distintas licenciaturas que conforman la facultad. Su principal funci\u00f3n es canalizar las inquietudes, propuestas y necesidades del estudiantado, actuando como v\u00ednculo entre los alumnos y las autoridades acad\u00e9micas, administrativas y [&hellip;]<\/p>","protected":false},"author":2,"featured_media":0,"parent":0,"menu_order":0,"comment_status":"closed","ping_status":"closed","template":"page-templates\/template_contenido_estandar_page.php","meta":[],"tags":[186,927,6337,6338],"_links":{"self":[{"href":"https:\/\/arquitectura.uanl.mx\/en\/wp-json\/wp\/v2\/pages\/6046"}],"collection":[{"href":"https:\/\/arquitectura.uanl.mx\/en\/wp-json\/wp\/v2\/pages"}],"about":[{"href":"https:\/\/arquitectura.uanl.mx\/en\/wp-json\/wp\/v2\/types\/page"}],"author":[{"embeddable":true,"href":"https:\/\/arquitectura.uanl.mx\/en\/wp-json\/wp\/v2\/users\/2"}],"replies":[{"embeddable":true,"href":"https:\/\/arquitectura.uanl.mx\/en\/wp-json\/wp\/v2\/comments?post=6046"}],"version-history":[{"count":26,"href":"https:\/\/arquitectura.uanl.mx\/en\/wp-json\/wp\/v2\/pages\/6046\/revisions"}],"predecessor-version":[{"id":50087,"href":"https:\/\/arquitectura.uanl.mx\/en\/wp-json\/wp\/v2\/pages\/6046\/revisions\/50087"}],"wp:attachment":[{"href":"https:\/\/arquitectura.uanl.mx\/en\/wp-json\/wp\/v2\/media?parent=6046"}],"wp:term":[{"taxonomy":"post_tag","embeddable":true,"href":"https:\/\/arquitectura.uanl.mx\/en\/wp-json\/wp\/v2\/tags?post=6046"}],"curies":[{"name":"wp","href":"https:\/\/api.w.org\/{rel}","templated":true}]}}