
{"id":49419,"date":"2024-11-01T11:43:55","date_gmt":"2024-11-01T17:43:55","guid":{"rendered":"https:\/\/arquitectura.uanl.mx\/?page_id=49419"},"modified":"2026-01-08T13:22:54","modified_gmt":"2026-01-08T19:22:54","slug":"investigadores-farq","status":"publish","type":"page","link":"https:\/\/arquitectura.uanl.mx\/en\/investigadores-farq\/","title":{"rendered":"Investigadores FARQ"},"content":{"rendered":"<p><strong>Profesores que hacen investigaci\u00f3n de la Facultad de Arquitectura de la UANL.<\/strong><\/p>\n<ul>\n<li><a href=\"https:\/\/arquitectura.uanl.mx\/en\/dra-arelly-montserrat-canton-diaz\/\">Dra. Arelly Cant\u00f3n D\u00edaz<\/a><\/li>\n<li><a href=\"https:\/\/arquitectura.uanl.mx\/en\/dr-jesus-humberto-montemayor-bosque\/\">Dr. Jes\u00fas Humberto Montemayor Bosques<\/a><\/li>\n<li><a href=\"https:\/\/arquitectura.uanl.mx\/en\/fabiola-rosamaria-garza-rodriguez\/\" target=\"_blank\" rel=\"noopener\">Dra. Fabiola Rosamar\u00eda Garza Rodr\u00edguez<\/a><\/li>\n<li><a href=\"https:\/\/arquitectura.uanl.mx\/en\/dra-marysol-uribe-perez-coeto-2\/\">Dra. Marysol Uribe Perez Coeto<\/a><\/li>\n<li><a href=\"https:\/\/arquitectura.uanl.mx\/en\/m-c-ariadna-sandoval-aradillas\/\">M.C. Ariadna Sandoval Aradillas<\/a><\/li>\n<li><a href=\"https:\/\/arquitectura.uanl.mx\/en\/m-c-miguel-puebla-blanco\/\">M.C. Miguel Puebla Blanco<\/a><\/li>\n<li><a href=\"https:\/\/arquitectura.uanl.mx\/en\/m-c-oscar-alejandro-gonzalez-gonzalez\/\">M.C. Oscar Alejandro Gonz\u00e1lez Gonz\u00e1lez<\/a><\/li>\n<li><a href=\"https:\/\/arquitectura.uanl.mx\/en\/m-c-luis-rodrigo-fortuna-martinez\/\">M.C. Luis Rodrigo Fortuna Mart\u00ednez<\/a><\/li>\n<li><a href=\"https:\/\/arquitectura.uanl.mx\/en\/m-c-venancia-tristan-bernal\/\">M.C. Venancia Tristan Bernal<\/a><\/li>\n<li><a href=\"https:\/\/www.uanl.mx\/investigadores\/julian-blanco-luna\/\">Dr. Juli\u00e1n Blanco Luna<\/a><\/li>\n<\/ul>","protected":false},"excerpt":{"rendered":"<p>Profesores que hacen investigaci\u00f3n de la Facultad de Arquitectura de la UANL. Dra. Arelly Cant\u00f3n D\u00edaz Dr. Jes\u00fas Humberto Montemayor Bosques Dra. Fabiola Rosamar\u00eda Garza Rodr\u00edguez Dra. Marysol Uribe Perez Coeto M.C. Ariadna Sandoval Aradillas M.C. Miguel Puebla Blanco M.C. Oscar Alejandro Gonz\u00e1lez Gonz\u00e1lez M.C. Luis Rodrigo Fortuna Mart\u00ednez M.C. Venancia Tristan Bernal Dr. Juli\u00e1n [&hellip;]<\/p>","protected":false},"author":168,"featured_media":0,"parent":0,"menu_order":0,"comment_status":"closed","ping_status":"closed","template":"page-templates\/template_contenido_estandar_page.php","meta":[],"tags":[],"_links":{"self":[{"href":"https:\/\/arquitectura.uanl.mx\/en\/wp-json\/wp\/v2\/pages\/49419"}],"collection":[{"href":"https:\/\/arquitectura.uanl.mx\/en\/wp-json\/wp\/v2\/pages"}],"about":[{"href":"https:\/\/arquitectura.uanl.mx\/en\/wp-json\/wp\/v2\/types\/page"}],"author":[{"embeddable":true,"href":"https:\/\/arquitectura.uanl.mx\/en\/wp-json\/wp\/v2\/users\/168"}],"replies":[{"embeddable":true,"href":"https:\/\/arquitectura.uanl.mx\/en\/wp-json\/wp\/v2\/comments?post=49419"}],"version-history":[{"count":21,"href":"https:\/\/arquitectura.uanl.mx\/en\/wp-json\/wp\/v2\/pages\/49419\/revisions"}],"predecessor-version":[{"id":50361,"href":"https:\/\/arquitectura.uanl.mx\/en\/wp-json\/wp\/v2\/pages\/49419\/revisions\/50361"}],"wp:attachment":[{"href":"https:\/\/arquitectura.uanl.mx\/en\/wp-json\/wp\/v2\/media?parent=49419"}],"wp:term":[{"taxonomy":"post_tag","embeddable":true,"href":"https:\/\/arquitectura.uanl.mx\/en\/wp-json\/wp\/v2\/tags?post=49419"}],"curies":[{"name":"wp","href":"https:\/\/api.w.org\/{rel}","templated":true}]}}