
{"id":48787,"date":"2024-02-22T11:34:06","date_gmt":"2024-02-22T17:34:06","guid":{"rendered":"https:\/\/arquitectura.uanl.mx\/?page_id=48787"},"modified":"2026-02-20T12:12:12","modified_gmt":"2026-02-20T18:12:12","slug":"xxx-simposio-internacional-de-diseno-industrial","status":"publish","type":"page","link":"https:\/\/arquitectura.uanl.mx\/en\/xxx-simposio-internacional-de-diseno-industrial\/","title":{"rendered":"XXXII Simposio Internacional de Dise\u00f1o Industrial"},"content":{"rendered":"<p><img decoding=\"async\" loading=\"lazy\" class=\"alignnone wp-image-50373\" src=\"http:\/\/arquitectura.uanl.mx\/wp-content\/uploads\/2026\/02\/SIDI32-2026-Banner-Web-2.png\" alt=\"\" width=\"1000\" height=\"204\" \/><\/p>\n<hr class=\"doble\" \/>\n<p><strong>Abstract:<\/strong><\/p>\n<p>XXXII Simposio Internacional de Dise\u00f1o Industrial<br \/>\nEUTOP\u00cdAS: Lugares pr\u00f3ximos del Dise\u00f1o.<\/p>\n<p>La Facultad de Arquitectura de la Universidad Aut\u00f3noma de Nuevo Le\u00f3n este 2026 cumple 80 a\u00f1os. Es un momento de celebraci\u00f3n por los logros y triunfos obtenidos los cuales consolidan a la FARQ como una de las escuelas de arquitectura y dise\u00f1o m\u00e1s importantes y grandes de M\u00e9xico.<\/p>\n<p>Este 80 aniversario exige mirar hacia delante, para poder obtener una visi\u00f3n de lo qu\u00e9 quiere llegar a ser la escuela. Esto conlleva abrir el panorama con perspectivas innovadoras y cr\u00edticas que pregunten por el futuro e imaginen los lugares pr\u00f3ximos a los que se enfrentar\u00e1n los dise\u00f1adores.<\/p>\n<p>Estos lugares pr\u00f3ximos tienen que plantearse como futuros en positivo, eutop\u00edas de dise\u00f1o: escenarios que hacen del mundo un buen lugar, m\u00e1s accesible, m\u00e1s justo, m\u00e1s sustentable y amable.<\/p>\n<p>Estas b\u00fasquedas y especulaciones se re\u00fanen en el XXXII Simposio de Dise\u00f1o Industrial: Eutopias. Los lugares pr\u00f3ximos del dise\u00f1o. En el cual destacados investigadores del dise\u00f1o nos aportaran ideas, relatos, im\u00e1genes, modelos y escenarios que nos ayudar\u00e1n a crear nuevas metodolog\u00edas y modos para inventar futuros en positivo los cuales har\u00e1n del dise\u00f1o una multidisciplina clave para enfrentar, anticipar y superar los retos del ma\u00f1ana.<\/p>\n<hr class=\"doble\" \/>\n<p><strong>Ponentes:\u00a0<\/strong><\/p>\n<ul>\n<li><a href=\"http:\/\/arquitectura.uanl.mx\/wp-content\/uploads\/2026\/02\/Oscar-Guayabero.pdf\">\u00d3scar Guayabero &#8211; Espa\u00f1a.<\/a><\/li>\n<li><a href=\"http:\/\/arquitectura.uanl.mx\/wp-content\/uploads\/2026\/02\/Lorenzo-Di\u0301az-Campos.pdf\">Lorenzo D\u00edaz Campos &#8211; M\u00e9xico.<\/a><\/li>\n<li><a href=\"http:\/\/arquitectura.uanl.mx\/wp-content\/uploads\/2026\/02\/Laura-Flores.pdf\">Laura Flores &#8211; M\u00e9xico \/ EE.UU.<\/a><\/li>\n<li><a href=\"http:\/\/arquitectura.uanl.mx\/wp-content\/uploads\/2026\/02\/Karla-Paniagua.pdf\">Karla Paniagua &#8211; M\u00e9xico.<\/a><\/li>\n<li><a href=\"http:\/\/arquitectura.uanl.mx\/wp-content\/uploads\/2026\/02\/Analia-Cervini.pdf\">Anal\u00eda Cervini &#8211; Argentina.<\/a><\/li>\n<li><a href=\"http:\/\/arquitectura.uanl.mx\/wp-content\/uploads\/2026\/02\/Alex-McDowell.pdf\">Alex McDowell &#8211; Reino Unido \/EE.UU.<\/a><\/li>\n<\/ul>\n<hr class=\"doble\" \/>\n<p><a href=\"http:\/\/arquitectura.uanl.mx\/wp-content\/uploads\/2026\/02\/Line-Up.pdf\"><strong>Programa.<\/strong><\/a><\/p>\n<hr class=\"doble\" \/>\n<p><strong>Costos:<\/strong><\/p>\n<ul>\n<li>Para internos:<strong> $980.00<\/strong><\/li>\n<li>Para externos: <strong>$1,630.00<\/strong><\/li>\n<\/ul>\n<p>*Aparta tu acceso con $100.00 mxn.*<\/p>\n<p>Adquiere tus boletos en ventanillas de Tesorer\u00eda en un horario de 08:00 a 18:00 h. de lunes a viernes.<\/p>","protected":false},"excerpt":{"rendered":"<p>Abstract: XXXII Simposio Internacional de Dise\u00f1o Industrial EUTOP\u00cdAS: Lugares pr\u00f3ximos del Dise\u00f1o. La Facultad de Arquitectura de la Universidad Aut\u00f3noma de Nuevo Le\u00f3n este 2026 cumple 80 a\u00f1os. Es un momento de celebraci\u00f3n por los logros y triunfos obtenidos los cuales consolidan a la FARQ como una de las escuelas de arquitectura y dise\u00f1o m\u00e1s [&hellip;]<\/p>","protected":false},"author":168,"featured_media":0,"parent":0,"menu_order":0,"comment_status":"closed","ping_status":"closed","template":"page-templates\/template_contenido_estandar_page.php","meta":[],"tags":[],"_links":{"self":[{"href":"https:\/\/arquitectura.uanl.mx\/en\/wp-json\/wp\/v2\/pages\/48787"}],"collection":[{"href":"https:\/\/arquitectura.uanl.mx\/en\/wp-json\/wp\/v2\/pages"}],"about":[{"href":"https:\/\/arquitectura.uanl.mx\/en\/wp-json\/wp\/v2\/types\/page"}],"author":[{"embeddable":true,"href":"https:\/\/arquitectura.uanl.mx\/en\/wp-json\/wp\/v2\/users\/168"}],"replies":[{"embeddable":true,"href":"https:\/\/arquitectura.uanl.mx\/en\/wp-json\/wp\/v2\/comments?post=48787"}],"version-history":[{"count":24,"href":"https:\/\/arquitectura.uanl.mx\/en\/wp-json\/wp\/v2\/pages\/48787\/revisions"}],"predecessor-version":[{"id":50389,"href":"https:\/\/arquitectura.uanl.mx\/en\/wp-json\/wp\/v2\/pages\/48787\/revisions\/50389"}],"wp:attachment":[{"href":"https:\/\/arquitectura.uanl.mx\/en\/wp-json\/wp\/v2\/media?parent=48787"}],"wp:term":[{"taxonomy":"post_tag","embeddable":true,"href":"https:\/\/arquitectura.uanl.mx\/en\/wp-json\/wp\/v2\/tags?post=48787"}],"curies":[{"name":"wp","href":"https:\/\/api.w.org\/{rel}","templated":true}]}}