
{"id":47692,"date":"2023-05-24T12:36:00","date_gmt":"2023-05-24T18:36:00","guid":{"rendered":"http:\/\/arquitectura.uanl.mx\/?page_id=47692"},"modified":"2023-05-24T12:36:00","modified_gmt":"2023-05-24T18:36:00","slug":"cursos-farq","status":"publish","type":"page","link":"https:\/\/arquitectura.uanl.mx\/en\/cursos-farq\/","title":{"rendered":"Cursos FARQ"},"content":{"rendered":"<h3>\u00bfTe interesa tomar alg\u00fan curso?. Conoce la oferta de curso y como validarlos en cr\u00e9ditos de Libre Elecci\u00f3n.<\/h3>\n<ul>\n<li><a href=\"https:\/\/wa.link\/zm88hn\">Educaci\u00f3n Continua.<\/a><\/li>\n<li><a href=\"https:\/\/arquitectura.uanl.mx\/en\/centro-de-infografia-avanzada\/\">Centro de Infograf\u00eda Avanzada &#8211; CIA.<\/a><\/li>\n<\/ul>\n<p>&nbsp;<\/p>\n<p>&nbsp;<\/p>","protected":false},"excerpt":{"rendered":"<p>\u00bfTe interesa tomar alg\u00fan curso?. Conoce la oferta de curso y como validarlos en cr\u00e9ditos de Libre Elecci\u00f3n. Educaci\u00f3n Continua. Centro de Infograf\u00eda Avanzada &#8211; CIA. &nbsp; &nbsp;<\/p>","protected":false},"author":168,"featured_media":0,"parent":0,"menu_order":0,"comment_status":"closed","ping_status":"closed","template":"page-templates\/template_contenido_estandar_page.php","meta":[],"tags":[],"_links":{"self":[{"href":"https:\/\/arquitectura.uanl.mx\/en\/wp-json\/wp\/v2\/pages\/47692"}],"collection":[{"href":"https:\/\/arquitectura.uanl.mx\/en\/wp-json\/wp\/v2\/pages"}],"about":[{"href":"https:\/\/arquitectura.uanl.mx\/en\/wp-json\/wp\/v2\/types\/page"}],"author":[{"embeddable":true,"href":"https:\/\/arquitectura.uanl.mx\/en\/wp-json\/wp\/v2\/users\/168"}],"replies":[{"embeddable":true,"href":"https:\/\/arquitectura.uanl.mx\/en\/wp-json\/wp\/v2\/comments?post=47692"}],"version-history":[{"count":1,"href":"https:\/\/arquitectura.uanl.mx\/en\/wp-json\/wp\/v2\/pages\/47692\/revisions"}],"predecessor-version":[{"id":47693,"href":"https:\/\/arquitectura.uanl.mx\/en\/wp-json\/wp\/v2\/pages\/47692\/revisions\/47693"}],"wp:attachment":[{"href":"https:\/\/arquitectura.uanl.mx\/en\/wp-json\/wp\/v2\/media?parent=47692"}],"wp:term":[{"taxonomy":"post_tag","embeddable":true,"href":"https:\/\/arquitectura.uanl.mx\/en\/wp-json\/wp\/v2\/tags?post=47692"}],"curies":[{"name":"wp","href":"https:\/\/api.w.org\/{rel}","templated":true}]}}