
{"id":46679,"date":"2022-08-23T08:12:27","date_gmt":"2022-08-23T14:12:27","guid":{"rendered":"http:\/\/arquitectura.uanl.mx\/?page_id=46679"},"modified":"2025-09-17T11:07:49","modified_gmt":"2025-09-17T17:07:49","slug":"punto-naranja","status":"publish","type":"page","link":"https:\/\/arquitectura.uanl.mx\/en\/punto-naranja\/","title":{"rendered":"Punto Naranja"},"content":{"rendered":"<p><img decoding=\"async\" loading=\"lazy\" class=\"alignnone size-full wp-image-46712\" src=\"http:\/\/arquitectura.uanl.mx\/wp-content\/uploads\/2022\/09\/SLIDES-PAGINAWEB_Mesa-de-trabajo-1.jpg\" alt=\"\" width=\"980\" height=\"200\" \/><\/p>\n<p><strong>Punto Naranja<\/strong> es un medio de vinculaci\u00f3n e informaci\u00f3n entre la propia Facultad de Arquitectura y los estudiantes que la conforman, sin dejar de fuera a futuros alumnos.\u00a0Punto naranja tiene como prop\u00f3sito mejorar la comunicaci\u00f3n, y as\u00ed aumentar su eficiencia.<\/p>\n<hr class=\"doble\" \/>\n<ul>\n<li><strong>Cont\u00e1ctanos: Horario de atenci\u00f3n de Lunes a Viernes de 09:00 a 16:00 hrs.<\/strong><\/li>\n<\/ul>\n<hr class=\"doble\" \/>\n<ul>\n<li><strong>Scanea el c\u00f3digo Qr.<\/strong><\/li>\n<\/ul>\n<p><img decoding=\"async\" loading=\"lazy\" class=\"alignnone wp-image-50114\" src=\"http:\/\/arquitectura.uanl.mx\/wp-content\/uploads\/2025\/09\/Captura-de-pantalla-2025-09-17-a-las-11.03.47.png\" alt=\"\" width=\"267\" height=\"257\" \/><\/p>\n<hr class=\"doble\" \/>\n<ul>\n<li><a href=\"https:\/\/wa.me\/8123525593\"><strong>Enlace a whatsapp.<\/strong><\/a><\/li>\n<\/ul>","protected":false},"excerpt":{"rendered":"<p>Punto Naranja es un medio de vinculaci\u00f3n e informaci\u00f3n entre la propia Facultad de Arquitectura y los estudiantes que la conforman, sin dejar de fuera a futuros alumnos.\u00a0Punto naranja tiene como prop\u00f3sito mejorar la comunicaci\u00f3n, y as\u00ed aumentar su eficiencia. Cont\u00e1ctanos: Horario de atenci\u00f3n de Lunes a Viernes de 09:00 a 16:00 hrs. Scanea el [&hellip;]<\/p>","protected":false},"author":168,"featured_media":0,"parent":0,"menu_order":0,"comment_status":"closed","ping_status":"closed","template":"page-templates\/template_contenido_estandar_page.php","meta":[],"tags":[],"_links":{"self":[{"href":"https:\/\/arquitectura.uanl.mx\/en\/wp-json\/wp\/v2\/pages\/46679"}],"collection":[{"href":"https:\/\/arquitectura.uanl.mx\/en\/wp-json\/wp\/v2\/pages"}],"about":[{"href":"https:\/\/arquitectura.uanl.mx\/en\/wp-json\/wp\/v2\/types\/page"}],"author":[{"embeddable":true,"href":"https:\/\/arquitectura.uanl.mx\/en\/wp-json\/wp\/v2\/users\/168"}],"replies":[{"embeddable":true,"href":"https:\/\/arquitectura.uanl.mx\/en\/wp-json\/wp\/v2\/comments?post=46679"}],"version-history":[{"count":13,"href":"https:\/\/arquitectura.uanl.mx\/en\/wp-json\/wp\/v2\/pages\/46679\/revisions"}],"predecessor-version":[{"id":50117,"href":"https:\/\/arquitectura.uanl.mx\/en\/wp-json\/wp\/v2\/pages\/46679\/revisions\/50117"}],"wp:attachment":[{"href":"https:\/\/arquitectura.uanl.mx\/en\/wp-json\/wp\/v2\/media?parent=46679"}],"wp:term":[{"taxonomy":"post_tag","embeddable":true,"href":"https:\/\/arquitectura.uanl.mx\/en\/wp-json\/wp\/v2\/tags?post=46679"}],"curies":[{"name":"wp","href":"https:\/\/api.w.org\/{rel}","templated":true}]}}