
{"id":45287,"date":"2021-09-09T09:41:23","date_gmt":"2021-09-09T15:41:23","guid":{"rendered":"http:\/\/arquitectura.uanl.mx\/?page_id=45287"},"modified":"2025-09-17T11:08:06","modified_gmt":"2025-09-17T17:08:06","slug":"simposio-internacional-de-arquitectura","status":"publish","type":"page","link":"https:\/\/arquitectura.uanl.mx\/en\/simposio-internacional-de-arquitectura\/","title":{"rendered":"XXXIIl Simposio Internacional de Arquitectura"},"content":{"rendered":"<h3><img decoding=\"async\" loading=\"lazy\" class=\"alignnone size-full wp-image-50101\" src=\"http:\/\/arquitectura.uanl.mx\/wp-content\/uploads\/2025\/09\/Slide.jpg\" alt=\"\" width=\"3333\" height=\"833\" \/><\/h3>\n<hr class=\"doble\" \/>\n<p><strong>Abstract:<\/strong><\/p>\n<p><span style=\"font-weight: 400;\">El territorio es el principio del dise\u00f1o prioritario de la arquitectura del presente. La forma ya no puede ser pensada como un volumen exento de sus relaciones con el medio econ\u00f3micas, pol\u00edticas, sociales. Atendiendo a esta urgente realidad proyectual la Facultad de Arquitectura de la UANL en la edici\u00f3n 33 del Simposio Internacional de Arquitectura se complace en presentar: \u201cLa persistencia del territorio\u201d Donde expondr\u00e1n grandes protagonistas de la arquitectura actual los cuales con sus obras arquitect\u00f3nicas acent\u00faan las condiciones ambientales, sociales, simb\u00f3licas, y econ\u00f3micas de los territorios ya sea a trav\u00e9s de lo domestico o lo urbano sus propuestas renuevan metodolog\u00edas y procesos de dise\u00f1o valiosos para cuidar, intervenir y reparar el planeta.<\/span><\/p>\n<hr class=\"doble\" \/>\n<p><strong>Ponentes<\/strong><\/p>\n<p>Jueves 25 de septiembre 2025<\/p>\n<ul>\n<li>VOIDSTUDIO\u00a0 |\u00a0 Luisa Rodr\u00edguez &amp; Joel Mart\u00ednez\u00a0 |\u00a0 <a href=\"http:\/\/arquitectura.uanl.mx\/wp-content\/uploads\/2025\/09\/Luisa-y-Joel.pdf\">M\u00e1s informaci\u00f3n aqu\u00ed.<\/a><\/li>\n<li>ARTADI ARQUITECTOS\u00a0 |\u00a0 Javier Artadi\u00a0 | \u00a0<a href=\"http:\/\/arquitectura.uanl.mx\/wp-content\/uploads\/2025\/09\/Javier-Artadi.pdf\">M\u00e1s informaci\u00f3n aqu\u00ed.<\/a><\/li>\n<li>RED ARQUITECTOS\u00a0 |\u00a0 Susana L\u00f3pez\u00a0 |\u00a0 <a href=\"http:\/\/arquitectura.uanl.mx\/wp-content\/uploads\/2025\/09\/Susana-Lopez.pdf\">M\u00e1s informaci\u00f3n.<\/a><\/li>\n<\/ul>\n<p>Viernes 26 de septiembre 2025<\/p>\n<ul>\n<li>FOSTER + PARTNERS\u00a0 |\u00a0 Gerardo P\u00e9rez\u00a0 |\u00a0 <a href=\"http:\/\/arquitectura.uanl.mx\/wp-content\/uploads\/2025\/09\/Gerardo-Perez.pdf\">M\u00e1s informaci\u00f3n.<\/a><\/li>\n<li>TACO: TALLER DE ARQUITECTURA CONTEXTUAL\u00a0 |\u00a0 CarlosPatr\u00f3n\u00a0 |\u00a0 <a href=\"http:\/\/arquitectura.uanl.mx\/wp-content\/uploads\/2025\/09\/Carlos-Patron.pdf\">M\u00e1s informaci\u00f3n aqu\u00ed.<\/a><\/li>\n<li>AURORA ARQUITETOS\u00a0 |\u00a0 Sofia Couto &amp; S\u00e9rgio Antunes\u00a0 |\u00a0 <a href=\"http:\/\/arquitectura.uanl.mx\/wp-content\/uploads\/2025\/09\/Sofia-y-Sergio.pdf\">M\u00e1s informaci\u00f3n.<\/a><\/li>\n<\/ul>\n<hr class=\"doble\" \/>\n<ul>\n<li><a href=\"http:\/\/arquitectura.uanl.mx\/wp-content\/uploads\/2025\/09\/Programa.pdf\"><strong>Programa.<\/strong><\/a><\/li>\n<\/ul>\n<hr class=\"doble\" \/>\n<p><strong>Costo del evento<\/strong><\/p>\n<ul>\n<li>Estudiantes: $850.00 MXN.<br \/>\nExternos: $1,500.00 MXN.<br \/>\nAparta tu acceso con $100.00 MXN.<br \/>\nAdquiere tus boletos en ventanillas de Tesorer\u00eda en un horario de 8:00 a 18:00 h. de lunes a viernes.<\/li>\n<\/ul>","protected":false},"excerpt":{"rendered":"<p>Abstract: El territorio es el principio del dise\u00f1o prioritario de la arquitectura del presente. La forma ya no puede ser pensada como un volumen exento de sus relaciones con el medio econ\u00f3micas, pol\u00edticas, sociales. Atendiendo a esta urgente realidad proyectual la Facultad de Arquitectura de la UANL en la edici\u00f3n 33 del Simposio Internacional de [&hellip;]<\/p>","protected":false},"author":168,"featured_media":0,"parent":0,"menu_order":0,"comment_status":"closed","ping_status":"closed","template":"page-templates\/template_contenido_estandar_page.php","meta":[],"tags":[],"_links":{"self":[{"href":"https:\/\/arquitectura.uanl.mx\/en\/wp-json\/wp\/v2\/pages\/45287"}],"collection":[{"href":"https:\/\/arquitectura.uanl.mx\/en\/wp-json\/wp\/v2\/pages"}],"about":[{"href":"https:\/\/arquitectura.uanl.mx\/en\/wp-json\/wp\/v2\/types\/page"}],"author":[{"embeddable":true,"href":"https:\/\/arquitectura.uanl.mx\/en\/wp-json\/wp\/v2\/users\/168"}],"replies":[{"embeddable":true,"href":"https:\/\/arquitectura.uanl.mx\/en\/wp-json\/wp\/v2\/comments?post=45287"}],"version-history":[{"count":42,"href":"https:\/\/arquitectura.uanl.mx\/en\/wp-json\/wp\/v2\/pages\/45287\/revisions"}],"predecessor-version":[{"id":50106,"href":"https:\/\/arquitectura.uanl.mx\/en\/wp-json\/wp\/v2\/pages\/45287\/revisions\/50106"}],"wp:attachment":[{"href":"https:\/\/arquitectura.uanl.mx\/en\/wp-json\/wp\/v2\/media?parent=45287"}],"wp:term":[{"taxonomy":"post_tag","embeddable":true,"href":"https:\/\/arquitectura.uanl.mx\/en\/wp-json\/wp\/v2\/tags?post=45287"}],"curies":[{"name":"wp","href":"https:\/\/api.w.org\/{rel}","templated":true}]}}