
{"id":45261,"date":"2021-08-12T09:32:45","date_gmt":"2021-08-12T15:32:45","guid":{"rendered":"http:\/\/arquitectura.uanl.mx\/?page_id=45261"},"modified":"2025-11-05T13:46:49","modified_gmt":"2025-11-05T19:46:49","slug":"bolsa-de-trabajo","status":"publish","type":"page","link":"https:\/\/arquitectura.uanl.mx\/en\/bolsa-de-trabajo\/","title":{"rendered":"Job Opportunities"},"content":{"rendered":"<div>La Facultad de Arquitectura a trav\u00e9s de la Jefatura de Enlaces Estrat\u00e9gicos, ofrece sus servicios a las empresas mediante la Bolsa de Trabajo; un espacio dise\u00f1ado exclusivamente para crear un v\u00ednculo con Estudiantes y Egresados de las carreras de Arquitectura como de Dise\u00f1o Industrial, con la finalidad de ofrecer una amplia gama de ofertas laborales y cubrir vacantes disponibles, contribuyendo as\u00ed al desarrollo y crecimiento del talento dentro de la comunidad.<\/div>\n<p>&nbsp;<\/p>\n<div>Al formar parte de este programa, se le invita a nuestra Feria Profesional \u00a0la cual se celebra anualmente, en donde las empresas podr\u00e1n tener acercamiento con aspirantes; este evento se realiza dentro de las instalaciones de la Facultad de Arquitectura y se le asignara un stand que tendr\u00e1 un costo de recuperaci\u00f3n econ\u00f3mica por la estancia proporcionada.<\/div>\n<p>&nbsp;<\/p>\n<p>\u00danete a nuestra Bolsa de Trabajo FARQ<\/p>\n<ul>\n<li><a href=\"https:\/\/docs.google.com\/forms\/d\/e\/1FAIpQLSdJlNWPtEkpZxl64fux55dYWDRXBnZfmRyaFQhqiohiVmW5Qw\/viewform\">Registro de Vacantes.<\/a><\/li>\n<li><a href=\"https:\/\/forms.gle\/NkyipCxHJ1ThsUq48\">Registro de Estudiantes.<\/a><\/li>\n<li><a href=\"https:\/\/docs.google.com\/forms\/d\/e\/1FAIpQLSdhGtOXrxgE_yHq9QmeWLQv6qN7cI7OYRzg0fGqF6dUucU8kQ\/viewform\">Registro de Egresados Licenciatura.<\/a><\/li>\n<li><a href=\"https:\/\/forms.gle\/sYPmzwfqXRe3ikqG7\">Registro de Egresados Posgrado.<\/a><\/li>\n<li><a href=\"http:\/\/deimos.dgi.uanl.mx\/cgi-bin\/bt.sh\/vr_bt_inicio_00.htm\">Registro a UNIBOLSA.<\/a><\/li>\n<\/ul>\n<p>&nbsp;<\/p>\n<p>Policies<\/p>\n<ul>\n<li><a href=\"https:\/\/arquitectura.uanl.mx\/wp-content\/uploads\/2021\/07\/AVISO-DE-PRIVACIDAD_-ESCOLAR_FARQ.pdf\">Aviso de privacidad Escolar.<\/a><\/li>\n<li><a href=\"https:\/\/arquitectura.uanl.mx\/wp-content\/uploads\/2021\/07\/AVISO-DE-PRIVACIDAD_-RH_FARQ.pdf\" target=\"_blank\" rel=\"noopener\">Aviso de privacidad Talento Humano.<\/a><\/li>\n<\/ul>\n<p>&nbsp;<\/p>","protected":false},"excerpt":{"rendered":"<p>La Facultad de Arquitectura a trav\u00e9s de la Jefatura de Enlaces Estrat\u00e9gicos, ofrece sus servicios a las empresas mediante la Bolsa de Trabajo; un espacio dise\u00f1ado exclusivamente para crear un v\u00ednculo con Estudiantes y Egresados de las carreras de Arquitectura como de Dise\u00f1o Industrial, con la finalidad de ofrecer una amplia gama de ofertas laborales [&hellip;]<\/p>","protected":false},"author":168,"featured_media":0,"parent":0,"menu_order":0,"comment_status":"closed","ping_status":"closed","template":"page-templates\/template_contenido_estandar_page.php","meta":[],"tags":[],"_links":{"self":[{"href":"https:\/\/arquitectura.uanl.mx\/en\/wp-json\/wp\/v2\/pages\/45261"}],"collection":[{"href":"https:\/\/arquitectura.uanl.mx\/en\/wp-json\/wp\/v2\/pages"}],"about":[{"href":"https:\/\/arquitectura.uanl.mx\/en\/wp-json\/wp\/v2\/types\/page"}],"author":[{"embeddable":true,"href":"https:\/\/arquitectura.uanl.mx\/en\/wp-json\/wp\/v2\/users\/168"}],"replies":[{"embeddable":true,"href":"https:\/\/arquitectura.uanl.mx\/en\/wp-json\/wp\/v2\/comments?post=45261"}],"version-history":[{"count":16,"href":"https:\/\/arquitectura.uanl.mx\/en\/wp-json\/wp\/v2\/pages\/45261\/revisions"}],"predecessor-version":[{"id":50188,"href":"https:\/\/arquitectura.uanl.mx\/en\/wp-json\/wp\/v2\/pages\/45261\/revisions\/50188"}],"wp:attachment":[{"href":"https:\/\/arquitectura.uanl.mx\/en\/wp-json\/wp\/v2\/media?parent=45261"}],"wp:term":[{"taxonomy":"post_tag","embeddable":true,"href":"https:\/\/arquitectura.uanl.mx\/en\/wp-json\/wp\/v2\/tags?post=45261"}],"curies":[{"name":"wp","href":"https:\/\/api.w.org\/{rel}","templated":true}]}}