
{"id":44590,"date":"2021-05-13T09:53:43","date_gmt":"2021-05-13T15:53:43","guid":{"rendered":"https:\/\/arquitectura.uanl.mx\/?page_id=44590"},"modified":"2021-05-13T09:53:43","modified_gmt":"2021-05-13T15:53:43","slug":"maim-conacyt","status":"publish","type":"page","link":"https:\/\/arquitectura.uanl.mx\/en\/maim-conacyt\/","title":{"rendered":"MAIM &#8211; Conacyt"},"content":{"rendered":"<h3>MA in Architecture of Medical Infrastructure<\/h3>\n<p>PROP\u00d3SITO DEL PROGRAMA<\/p>\n<p>Formar profesionales en el \u00e1rea de la arquitectura de la salud que aborden la planeaci\u00f3n y el dise\u00f1o de espacios para la atenci\u00f3n en las unidades m\u00e9dicas as\u00ed como el desarrollo de proyectos ejecutivos para el sector salud, con las habilidades y los conocimientos necesarios para abordar las diferentes perspectivas de esta maestr\u00eda profesionalizante con enfoque transdisciplinar, contando con una visi\u00f3n inclusiva y sustentable para hacer un acercamiento a la responsabilidad social del sector salud.<\/p>","protected":false},"excerpt":{"rendered":"<p>Maestr\u00eda en Arquitectura de Infraestructura M\u00e9dica PROP\u00d3SITO DEL PROGRAMA Formar profesionales en el \u00e1rea de la arquitectura de la salud que aborden la planeaci\u00f3n y el dise\u00f1o de espacios para la atenci\u00f3n en las unidades m\u00e9dicas as\u00ed como el desarrollo de proyectos ejecutivos para el sector salud, con las habilidades y los conocimientos necesarios para [&hellip;]<\/p>","protected":false},"author":168,"featured_media":0,"parent":0,"menu_order":0,"comment_status":"closed","ping_status":"closed","template":"page-templates\/template_antecedentes.php","meta":[],"tags":[],"_links":{"self":[{"href":"https:\/\/arquitectura.uanl.mx\/en\/wp-json\/wp\/v2\/pages\/44590"}],"collection":[{"href":"https:\/\/arquitectura.uanl.mx\/en\/wp-json\/wp\/v2\/pages"}],"about":[{"href":"https:\/\/arquitectura.uanl.mx\/en\/wp-json\/wp\/v2\/types\/page"}],"author":[{"embeddable":true,"href":"https:\/\/arquitectura.uanl.mx\/en\/wp-json\/wp\/v2\/users\/168"}],"replies":[{"embeddable":true,"href":"https:\/\/arquitectura.uanl.mx\/en\/wp-json\/wp\/v2\/comments?post=44590"}],"version-history":[{"count":1,"href":"https:\/\/arquitectura.uanl.mx\/en\/wp-json\/wp\/v2\/pages\/44590\/revisions"}],"predecessor-version":[{"id":44592,"href":"https:\/\/arquitectura.uanl.mx\/en\/wp-json\/wp\/v2\/pages\/44590\/revisions\/44592"}],"wp:attachment":[{"href":"https:\/\/arquitectura.uanl.mx\/en\/wp-json\/wp\/v2\/media?parent=44590"}],"wp:term":[{"taxonomy":"post_tag","embeddable":true,"href":"https:\/\/arquitectura.uanl.mx\/en\/wp-json\/wp\/v2\/tags?post=44590"}],"curies":[{"name":"wp","href":"https:\/\/api.w.org\/{rel}","templated":true}]}}