
{"id":44143,"date":"2021-03-04T11:49:51","date_gmt":"2021-03-04T17:49:51","guid":{"rendered":"https:\/\/arquitectura.uanl.mx\/?page_id=44143"},"modified":"2023-06-02T10:32:50","modified_gmt":"2023-06-02T16:32:50","slug":"revistas","status":"publish","type":"page","link":"https:\/\/arquitectura.uanl.mx\/en\/revistas\/","title":{"rendered":"Revistas"},"content":{"rendered":"<h3><strong>Cuadernos de Arquitectura y Asuntos Urbanos<\/strong><\/h3>\n<h3><strong>Revista de la Facultad de Arquitectura Universidad Aut\u00f3noma de Nuevo Le\u00f3n<\/strong><\/h3>\n<p><img decoding=\"async\" loading=\"lazy\" class=\"alignnone wp-image-47742\" src=\"http:\/\/arquitectura.uanl.mx\/wp-content\/uploads\/2023\/06\/portada-CUADERNOS-2023.png\" alt=\"\" width=\"259\" height=\"335\" \/><\/p>\n<p>&nbsp;<\/p>\n<p>Consulta el \u00faltimo n\u00famero <a href=\"http:\/\/arquitectura.uanl.mx\/wp-content\/uploads\/2023\/06\/REVISTA-CUADERNOS-2023.pdf\">aqu\u00ed<\/a><\/p>\n<h3><strong>Cintillo Legal<\/strong><\/h3>\n<p><strong>CUADERNOS DE ARQUITECTURA Y ASUNTOS URBANOS<\/strong><\/p>\n<p><strong>REVISTA DE LA FACULTAD DE ARQUITECTURA <\/strong><\/p>\n<p><strong>UNIVERSIDAD AUTONOMA DE NUEVO LEON<\/strong><\/p>\n<p>Cuadernos de Arquitectura y Asuntos Urbanos, A\u00f1o 13, No. 13, abril 2023 &#8211; abril 2024. Es una publicaci\u00f3n anual, editada por la Universidad Aut\u00f3noma de Nuevo Le\u00f3n, a trav\u00e9s de la Facultad de Arquitectura. Domicilio de la publicaci\u00f3n: Pedro de Alba S\/N, San Nicol\u00e1s de los Garza, CP: 66455, Nuevo Le\u00f3n, M\u00e9xico, Tel: (81) 8329-4160, www.arquitectura.uanl.mx. Editor Responsable Arq. Juan \u00c1ngel Hinojosa Torres. Reserva de Derechos al Uso Exclusivo No. 04-2020-042416021600-203. ISSN: 2448-8399, ISSN red de c\u00f3mputo: 2007-8269. Responsable de la \u00faltima actualizaci\u00f3n de este n\u00famero: Arq. Juan \u00c1ngel Hinojosa Torres, coordinador del Depto. Ediciones y Publicaciones de la Facultad de Arquitectura, Universidad Aut\u00f3noma de Nuevo Le\u00f3n. Fecha de \u00faltima modificaci\u00f3n: 30 de abril 2023. Las opiniones expresadas por los autores no necesariamente reflejan la postura del editor de la publicaci\u00f3n. Prohibida su reproducci\u00f3n total o parcial de los contenidos e im\u00e1genes de la revista. Publicaci\u00f3n indexada en LATINDEX.<\/p>\n<p>&nbsp;<\/p>\n<p>&nbsp;<\/p>\n<h3><strong>Red Urban Norte Sur-Iberoam\u00e9rica.<\/strong><\/h3>\n<p><img decoding=\"async\" loading=\"lazy\" class=\"alignleft wp-image-46147\" src=\"http:\/\/arquitectura.uanl.mx\/wp-content\/uploads\/2022\/03\/MINIATURA-PORTADA-RED-URBAN-OCT-2021-01.jpg\" alt=\"\" width=\"200\" height=\"258\" \/><\/p>\n<p>&nbsp;<\/p>\n<p>Consulta el \u00faltimo n\u00famero <a href=\"https:\/\/drive.google.com\/file\/d\/1auArfIGIRh30XD2RMxwb7xpr_sQHVNIV\/view?usp=sharing\">aqu\u00ed.\u00a0<\/a><\/p>\n<p>&nbsp;<\/p>\n<h3><strong>Cintillo Legal<\/strong><\/h3>\n<p><strong>RED URBAN NORTE SUR-IBEROAM\u00c9RICA<\/strong><\/p>\n<p>RED URBAN NORTE SUR &#8211; IBEROAM\u00c9RICA, A\u00f1o 7, No. 7, octubre 2021 &#8211; abril 2022, es una publicaci\u00f3n semestral editada por la Universidad Aut\u00f3noma de Nuevo Le\u00f3n, a trav\u00e9s del Cuerpo Acad\u00e9mico de Asuntos Urbanos de la Facultad de Arquitectura, en San Nicol\u00e1s de los Garza, Nuevo Le\u00f3n, M\u00e9xico, el Departamento de Planificaci\u00f3n y Dise\u00f1o Urbano de la Facultad de Arquitectura, Construcci\u00f3n y Dise\u00f1o de la Universidad del B\u00edo-B\u00edo, UBB, de Concepci\u00f3n, Chile y el Departamento de Geograf\u00eda de la Facultad de Filosof\u00eda y Letras de la Universidad Aut\u00f3noma de Madrid. UANL: Pedro de Alba S\/M, San Nicol\u00e1s de los Garza, CP: 66455, Nuevo Le\u00f3n, M\u00e9xico, Tel: (81) 8329-4160, www.arquitectura.uanl.mx. UBB: Av. Collao 1202, Casilla 5-C, CP: 4051381, Concepci\u00f3n, Chile, Tel: (56-41)3111200, www.ubiobio.cl. Editor responsable: Arq. Juan \u00c1ngel Hinojosa Torres. Reservas de Derechos al Uso Exclusivo No. 04-2020-042416011600-203, ISSN red de c\u00f3mputo: en tr\u00e1mite con el Instituto Nacional del Derecho de Autor. Responsable de la \u00faltima actualizaci\u00f3n de este n\u00famero: Arq. Juan \u00c1ngel Hinojosa Torres, coordinador del Depto. Ediciones y Publicaciones de la Facultad de Arquitectura, Universidad Aut\u00f3noma de Nuevo Le\u00f3n. Fecha de \u00faltima modificaci\u00f3n: 31 de octubre 2021. Las opiniones expresadas por los autores no necesariamente reflejan la postura del editor de la publicaci\u00f3n. Queda prohibida su reproducci\u00f3n parcial o total de los contenidos e im\u00e1genes de la publicaci\u00f3n.<\/p>\n<p>&nbsp;<\/p>\n<p>&nbsp;<\/p>\n<p><strong>CONTEXTO<\/strong><\/p>\n<p><strong>REVISTA DE LA FACULTAD DE ARQUITECTURA <\/strong><\/p>\n<p><strong>UNIVERSIDAD AUTONOMA DE NUEVO LEON<\/strong><\/p>\n<p><img decoding=\"async\" loading=\"lazy\" class=\"alignleft wp-image-46146\" src=\"http:\/\/arquitectura.uanl.mx\/wp-content\/uploads\/2022\/03\/MINIATURA-PORTADA-CONTEXTO-SEP-2021.jpg\" alt=\"\" width=\"200\" height=\"259\" \/><\/p>\n<p>&nbsp;<\/p>\n<p>Consulta el \u00faltimo n\u00famero aqu\u00ed:<a href=\"https:\/\/contexto.uanl.mx\/index.php\/contexto\"> https:\/\/contexto.uanl.mx\/index.php\/contexto<\/a><\/p>\n<p>&nbsp;<\/p>\n<p><strong>CONTEXTO<\/strong><\/p>\n<p><strong>REVISTA DE LA FACULTAD DE ARQUITECTURA <\/strong><\/p>\n<p><strong>UNIVERSIDAD AUTONOMA DE NUEVO LEON<\/strong><\/p>\n<p>Contexto Revista de la Facultad de Arquitectura Universidad Aut\u00f3noma de Nuevo Le\u00f3n, volumen 15, No. 23 septiembre 2021 \u2013 marzo 2022. Es una publicaci\u00f3n semestral, editada por la Universidad Aut\u00f3noma de Nuevo Le\u00f3n, a trav\u00e9s de la Facultad de Arquitectura. Domicilio de la publicaci\u00f3n: Pedro de Alba S\/N, San Nicol\u00e1s de los Garza, CP: 66455, Nuevo Le\u00f3n, M\u00e9xico, Tel: (81) 8329-4160, www.contexto.uanl.mx. Editor Responsable Arq. Juan \u00c1ngel Hinojosa Torres. Reserva de Derechos al Uso Exclusivo No. 04-2020-042416005300-203. ISSN red de c\u00f3mputo: en tr\u00e1mite con el Instituto Nacional del Derecho de Autor. Responsable de la \u00faltima actualizaci\u00f3n de este n\u00famero: Arq. Juan \u00c1ngel Hinojosa Torres, coordinador del Depto. Ediciones y Publicaciones de la Facultad de Arquitectura, Universidad Aut\u00f3noma de Nuevo Le\u00f3n. Fecha de \u00faltima modificaci\u00f3n: 30 de septiembre 2021. Las opiniones expresadas por los autores no necesariamente reflejan la postura del editor de la publicaci\u00f3n. Queda prohibida su reproducci\u00f3n parcial o total de los contenidos e im\u00e1genes de la publicaci\u00f3n.<\/p>\n<p>&nbsp;<\/p>\n<p>&nbsp;<\/p>","protected":false},"excerpt":{"rendered":"<p>Cuadernos de Arquitectura y Asuntos Urbanos Revista de la Facultad de Arquitectura Universidad Aut\u00f3noma de Nuevo Le\u00f3n &nbsp; Consulta el \u00faltimo n\u00famero aqu\u00ed Cintillo Legal CUADERNOS DE ARQUITECTURA Y ASUNTOS URBANOS REVISTA DE LA FACULTAD DE ARQUITECTURA UNIVERSIDAD AUT\u00d3NOMA DE NUEVO LE\u00d3N Cuadernos de Arquitectura y Asuntos Urbanos, A\u00f1o 13, No. 13, abril 2023 &#8211; [&hellip;]<\/p>","protected":false},"author":168,"featured_media":0,"parent":0,"menu_order":0,"comment_status":"closed","ping_status":"closed","template":"page-templates\/template_contenido_estandar_page.php","meta":[],"tags":[],"_links":{"self":[{"href":"https:\/\/arquitectura.uanl.mx\/en\/wp-json\/wp\/v2\/pages\/44143"}],"collection":[{"href":"https:\/\/arquitectura.uanl.mx\/en\/wp-json\/wp\/v2\/pages"}],"about":[{"href":"https:\/\/arquitectura.uanl.mx\/en\/wp-json\/wp\/v2\/types\/page"}],"author":[{"embeddable":true,"href":"https:\/\/arquitectura.uanl.mx\/en\/wp-json\/wp\/v2\/users\/168"}],"replies":[{"embeddable":true,"href":"https:\/\/arquitectura.uanl.mx\/en\/wp-json\/wp\/v2\/comments?post=44143"}],"version-history":[{"count":15,"href":"https:\/\/arquitectura.uanl.mx\/en\/wp-json\/wp\/v2\/pages\/44143\/revisions"}],"predecessor-version":[{"id":47745,"href":"https:\/\/arquitectura.uanl.mx\/en\/wp-json\/wp\/v2\/pages\/44143\/revisions\/47745"}],"wp:attachment":[{"href":"https:\/\/arquitectura.uanl.mx\/en\/wp-json\/wp\/v2\/media?parent=44143"}],"wp:term":[{"taxonomy":"post_tag","embeddable":true,"href":"https:\/\/arquitectura.uanl.mx\/en\/wp-json\/wp\/v2\/tags?post=44143"}],"curies":[{"name":"wp","href":"https:\/\/api.w.org\/{rel}","templated":true}]}}