
{"id":43849,"date":"2021-01-19T15:30:02","date_gmt":"2021-01-19T21:30:02","guid":{"rendered":"https:\/\/arquitectura.uanl.mx\/?page_id=43849"},"modified":"2024-10-16T12:20:44","modified_gmt":"2024-10-16T18:20:44","slug":"logotipos","status":"publish","type":"page","link":"https:\/\/arquitectura.uanl.mx\/en\/logotipos\/","title":{"rendered":"Logos"},"content":{"rendered":"<div class=\"wpb_text_column wpb_content_element\">\n<div class=\"wpb_wrapper\">\n<div class=\"container\">\n<div class=\"row\">\n<div class=\"box\">\n<div class=\"row\">\n<div class=\"col-lg-12\">\n<div id=\"myTabContent\" class=\"tab-content\">\n<div id=\"logos\" class=\"tab-pane fade active in\">\n<p><strong>Universidad Aut\u00f3noma de Nuevo Le\u00f3n (Preferente)<\/strong><\/p>\n<ul>\n<li><a href=\"http:\/\/arquitectura.uanl.mx\/wp-content\/uploads\/2022\/01\/Uanl-color-fondo-blanco.jpg\">Color con fondo blanco<\/a><\/li>\n<li><a href=\"http:\/\/arquitectura.uanl.mx\/wp-content\/uploads\/2022\/01\/Uanl-color.png\">Color con fondo transparente<\/a><\/li>\n<li><a href=\"http:\/\/arquitectura.uanl.mx\/wp-content\/uploads\/2022\/01\/Uanl-color-negro-fondo-blanco.jpg\">Negro con fondo blanco<\/a><\/li>\n<li><a href=\"http:\/\/arquitectura.uanl.mx\/wp-content\/uploads\/2022\/01\/Uanl-color-negro.png\">Negro con fondo transparente<\/a><\/li>\n<li><a href=\"http:\/\/arquitectura.uanl.mx\/wp-content\/uploads\/2022\/01\/Uanl-color-gris.png\">Gris con fondo blanco<\/a><\/li>\n<li><a href=\"http:\/\/arquitectura.uanl.mx\/wp-content\/uploads\/2022\/01\/Uanl-color-gris.png\">Gris con fondo transparente<\/a><\/li>\n<li><a href=\"http:\/\/arquitectura.uanl.mx\/wp-content\/uploads\/2022\/01\/Uanl-color-blanco.png\">Blanco con fondo transparente<\/a><\/li>\n<\/ul>\n<\/div>\n<\/div>\n<\/div>\n<\/div>\n<\/div>\n<\/div>\n<\/div>\n<\/div>\n<\/div>\n<div class=\"vc_empty_space\"><strong>Universidad Aut\u00f3noma de Nuevo Le\u00f3n (Simplificado)<\/strong><\/div>\n<div class=\"wpb_text_column wpb_content_element\">\n<div class=\"wpb_wrapper\">\n<div class=\"container\">\n<div class=\"row\">\n<div class=\"box\">\n<div class=\"row\">\n<div class=\"col-lg-12\">\n<div id=\"myTabContent\" class=\"tab-content\">\n<div id=\"logos\" class=\"tab-pane fade active in\">\n<ul>\n<li><a href=\"http:\/\/arquitectura.uanl.mx\/wp-content\/uploads\/2022\/01\/Uanl-color-sim-con-fondo.jpg\">Color con fondo blanco<\/a><\/li>\n<li><a href=\"http:\/\/arquitectura.uanl.mx\/wp-content\/uploads\/2022\/01\/Uanl-color-sim.png\">Color con fondo transparente<\/a><\/li>\n<li><a href=\"http:\/\/arquitectura.uanl.mx\/wp-content\/uploads\/2022\/01\/Uanl-color-negro-sim-con-fondo.jpg\">Negro con fondo blanco<\/a><\/li>\n<li><a href=\"http:\/\/arquitectura.uanl.mx\/wp-content\/uploads\/2022\/01\/Uanl-color-negro-sim.png\">Negro con fondo transparente<\/a><\/li>\n<li><a href=\"http:\/\/arquitectura.uanl.mx\/wp-content\/uploads\/2022\/01\/Uanl-color-gris-sim-con-fondo.jpg\">Gris con fondo blanco<\/a><\/li>\n<li><a href=\"http:\/\/arquitectura.uanl.mx\/wp-content\/uploads\/2022\/01\/Uanl-color-gris-sim.png\">Gris con fondo transparente<\/a><\/li>\n<li><a href=\"http:\/\/arquitectura.uanl.mx\/wp-content\/uploads\/2022\/01\/Uanl-color-blanco-sim.png\">Blanco con fondo transparente<\/a><\/li>\n<\/ul>\n<\/div>\n<\/div>\n<\/div>\n<\/div>\n<\/div>\n<\/div>\n<\/div>\n<\/div>\n<\/div>\n<div class=\"vc_empty_space\"><strong>Faculta de Arquitectura (Preferente)<\/strong><\/div>\n<div class=\"wpb_text_column wpb_content_element\">\n<div class=\"wpb_wrapper\">\n<ul>\n<li><a href=\"https:\/\/arquitectura.uanl.mx\/wp-content\/uploads\/2021\/01\/logo_farq_preferente_color.jpg\">Color con fondo blanco<\/a><\/li>\n<li><a href=\"https:\/\/arquitectura.uanl.mx\/wp-content\/uploads\/2021\/01\/logo_farq_preferente_color.png\">Color con fondo transparente<\/a><\/li>\n<li><a href=\"https:\/\/arquitectura.uanl.mx\/wp-content\/uploads\/2021\/01\/logo_farq_preferente_negro.jpg\">Negro con fondo blanco<\/a><\/li>\n<li><a href=\"https:\/\/arquitectura.uanl.mx\/wp-content\/uploads\/2021\/01\/logo_farq_preferente_negro.png\">Negro con fondo transparente<\/a><\/li>\n<li><a href=\"https:\/\/arquitectura.uanl.mx\/wp-content\/uploads\/2021\/01\/logo_farq_preferente_blanco.png\">Blanco con fondo transparente<\/a><\/li>\n<\/ul>\n<\/div>\n<\/div>\n<div class=\"vc_empty_space\"><strong>Facultad de Arquitectura (Simplificado)<\/strong><\/div>\n<div class=\"wpb_text_column wpb_content_element\">\n<div class=\"wpb_wrapper\">\n<ul>\n<li><a href=\"https:\/\/arquitectura.uanl.mx\/wp-content\/uploads\/2021\/01\/logo_farq_simple_color.jpg\">Color con fondo blanco<\/a><\/li>\n<li><a href=\"https:\/\/arquitectura.uanl.mx\/wp-content\/uploads\/2021\/01\/logo_farq_simple_color.png\">Color con fondo transparente<\/a><\/li>\n<li><a href=\"https:\/\/arquitectura.uanl.mx\/wp-content\/uploads\/2021\/01\/logo_farq_simple_negro.jpg\">Negro con fondo blanco<\/a><\/li>\n<li><a href=\"https:\/\/arquitectura.uanl.mx\/wp-content\/uploads\/2021\/01\/logo_farq_simple_negro.png\">Negro con fondo transparente<\/a><\/li>\n<li><a href=\"https:\/\/arquitectura.uanl.mx\/wp-content\/uploads\/2021\/01\/logo_farq_simple_blanco.png\">Blanco con fondo transparente<\/a><\/li>\n<\/ul>\n<\/div>\n<\/div>\n<div class=\"vc_empty_space\"><strong>Unidad Cultural Arquitectura (Preferente)<\/strong><\/div>\n<div class=\"wpb_text_column wpb_content_element\">\n<div class=\"wpb_wrapper\">\n<ul>\n<li><a href=\"https:\/\/arquitectura.uanl.mx\/wp-content\/uploads\/2021\/01\/logo_uca_preferente_color.jpg\">Color con fondo blanco<\/a><\/li>\n<li><a href=\"https:\/\/arquitectura.uanl.mx\/wp-content\/uploads\/2021\/01\/logo_uca_preferente_color.png\">Color con fondo transparente<\/a><\/li>\n<li><a href=\"https:\/\/arquitectura.uanl.mx\/wp-content\/uploads\/2021\/01\/logo_uca_preferente_negro.png\">Negro con fondo blanco<\/a><\/li>\n<li><a href=\"https:\/\/arquitectura.uanl.mx\/wp-content\/uploads\/2021\/01\/logo_uca_preferente_negro.png\">Negro con fondo transparente<\/a><\/li>\n<li><a href=\"https:\/\/arquitectura.uanl.mx\/wp-content\/uploads\/2021\/01\/logo_uca_preferente_blanco.png\">Blanco con fondo transparente<\/a><\/li>\n<\/ul>\n<\/div>\n<\/div>\n<div class=\"wpb_text_column wpb_content_element\">\n<div class=\"wpb_wrapper\">\n<p><strong>Unidad Cultural Arquitectura (Simplificado)<\/strong><\/p>\n<ul>\n<li><a href=\"https:\/\/arquitectura.uanl.mx\/wp-content\/uploads\/2021\/01\/logo_uca_simple_color.jpg\">Color con fondo blanco<\/a><\/li>\n<li><a href=\"https:\/\/arquitectura.uanl.mx\/wp-content\/uploads\/2021\/01\/logo_uca_simple_color.png\">Color con fondo transparente<\/a><\/li>\n<li><a href=\"https:\/\/arquitectura.uanl.mx\/wp-content\/uploads\/2021\/01\/logo_uca_simple_negro.jpg\">Negro con fondo blanco<\/a><\/li>\n<li><a href=\"https:\/\/arquitectura.uanl.mx\/wp-content\/uploads\/2021\/01\/logo_uca_simple_negro.png\">Negro con fondo transparente<\/a><\/li>\n<li><a href=\"https:\/\/arquitectura.uanl.mx\/wp-content\/uploads\/2021\/01\/logo_uca_simple_blanco.png\">Blanco con fondo transparente<\/a><\/li>\n<\/ul>\n<\/div>\n<\/div>\n<div class=\"wpb_text_column wpb_content_element\">\n<div class=\"wpb_wrapper\">\n<p><strong>Visi\u00f3n 2040 de la Universidad Aut\u00f3noma de Nuevo Le\u00f3n<\/strong><\/p>\n<ul>\n<li><a href=\"http:\/\/arquitectura.uanl.mx\/wp-content\/uploads\/2024\/10\/logo_vision_uanl_2040_azul.png\">Color azul con fondo transparente.<\/a><\/li>\n<li><a href=\"http:\/\/arquitectura.uanl.mx\/wp-content\/uploads\/2024\/10\/logo_vision_uanl_2040_blanco.png\">Color blanco con fondo transparente.<\/a><\/li>\n<li><a href=\"http:\/\/arquitectura.uanl.mx\/wp-content\/uploads\/2024\/10\/logo_vision_uanl_2040_color.png\">Color con fondo transparente.<\/a><\/li>\n<li><a href=\"http:\/\/arquitectura.uanl.mx\/wp-content\/uploads\/2024\/10\/logo_vision_uanl_2040_gris.png\">Color gris con fondo transparente.<\/a><\/li>\n<li><a href=\"http:\/\/arquitectura.uanl.mx\/wp-content\/uploads\/2024\/10\/logo_vision_uanl_2040_gris.png\">Color oro con fondo transparente.<\/a><\/li>\n<li><a href=\"http:\/\/arquitectura.uanl.mx\/wp-content\/uploads\/2024\/10\/logo_vision_uanl_2040_negro.png\">Color negro con fondo transparente.<\/a><\/li>\n<\/ul>\n<\/div>\n<\/div>\n<div class=\"vc_empty_space\"><strong>La excelencia por principio la educaci\u00f3n como instrumento (Preferente)<\/strong><\/div>\n<div>\n<ul>\n<li><a href=\"http:\/\/arquitectura.uanl.mx\/wp-content\/uploads\/2022\/01\/Logo-Excelencia-Negro-fondo.jpg\">Negro con fondo blanco<\/a><\/li>\n<li><a href=\"http:\/\/arquitectura.uanl.mx\/wp-content\/uploads\/2022\/01\/Logo-Excelencia-Negro.png\">Negro con fondo transparente<\/a><\/li>\n<li><a href=\"http:\/\/arquitectura.uanl.mx\/wp-content\/uploads\/2022\/01\/Logo-Excelencia-Gris-fondo.jpg\">Gris con fondo blanco<\/a><\/li>\n<li><a href=\"http:\/\/arquitectura.uanl.mx\/wp-content\/uploads\/2022\/01\/Logo-Excelencia-Gris.png\">Gris con fondo transparente<\/a><\/li>\n<li><a href=\"http:\/\/arquitectura.uanl.mx\/wp-content\/uploads\/2022\/01\/Logo-Excelencia-Blanco.png\">Blanco con fondo transparente<\/a><\/li>\n<\/ul>\n<\/div>\n<p><strong>La excelencia por principio la educaci\u00f3n como instrumento (Simplificado<\/strong><strong>)<\/strong><\/p>\n<ul>\n<li><a href=\"http:\/\/arquitectura.uanl.mx\/wp-content\/uploads\/2022\/01\/Logo-Excelencia-negro-con-fondo.jpg\">Negro con fondo blanco<\/a><\/li>\n<li><a href=\"http:\/\/arquitectura.uanl.mx\/wp-content\/uploads\/2022\/01\/Logo-Excelencia-negro.png\">Negro con fondo transparente<\/a><\/li>\n<li><a href=\"http:\/\/arquitectura.uanl.mx\/wp-content\/uploads\/2022\/01\/Logo-Excelencia-gris-con-fondo.jpg\">Gris con fondo blanco<\/a><\/li>\n<li><a href=\"http:\/\/arquitectura.uanl.mx\/wp-content\/uploads\/2022\/01\/Logo-Excelencia-gris.png\">Gris con fondo transparente<\/a><\/li>\n<li><a href=\"http:\/\/arquitectura.uanl.mx\/wp-content\/uploads\/2022\/01\/Logo-Excelencia-blanco.png\">Blanco con fondo transparente<\/a><\/li>\n<\/ul>\n<div class=\"wpb_text_column wpb_content_element\">\n<div class=\"wpb_wrapper\">\n<p><strong>Centro de Innovaci\u00f3n y Dise\u00f1o, CID (Preferente)<\/strong><\/p>\n<ul>\n<li><a href=\"https:\/\/arquitectura.uanl.mx\/wp-content\/uploads\/2021\/01\/CID_BLANCO_COMPLETO.png\">Color blanco<\/a><\/li>\n<li><a href=\"https:\/\/arquitectura.uanl.mx\/wp-content\/uploads\/2021\/01\/CID_NEGRO_COMPLETO.png\">Color negro<\/a><\/li>\n<\/ul>\n<\/div>\n<\/div>\n<div class=\"vc_empty_space\"><strong>Centro de Innovaci\u00f3n y Dise\u00f1o, CID (Simplificado)<\/strong><\/div>\n<div class=\"wpb_text_column wpb_content_element\">\n<div class=\"wpb_wrapper\">\n<ul>\n<li><a href=\"https:\/\/arquitectura.uanl.mx\/wp-content\/uploads\/2021\/01\/CID_BLANCO_SIMPLIFICADO.png\">Color blanco<\/a><\/li>\n<li><a href=\"https:\/\/arquitectura.uanl.mx\/wp-content\/uploads\/2021\/01\/CID_NEGRO_SIMPLIFICADO.png\">Color negro<\/a><\/li>\n<\/ul>\n<\/div>\n<\/div>\n<div class=\"vc_empty_space\"><\/div>","protected":false},"excerpt":{"rendered":"<p>Universidad Aut\u00f3noma de Nuevo Le\u00f3n (Preferente) Color con fondo blanco Color con fondo transparente Negro con fondo blanco Negro con fondo transparente Gris con fondo blanco Gris con fondo transparente Blanco con fondo transparente Universidad Aut\u00f3noma de Nuevo Le\u00f3n (Simplificado) Color con fondo blanco Color con fondo transparente Negro con fondo blanco Negro con fondo [&hellip;]<\/p>","protected":false},"author":168,"featured_media":0,"parent":0,"menu_order":0,"comment_status":"closed","ping_status":"closed","template":"page-templates\/template_contenido_estandar_page.php","meta":[],"tags":[],"_links":{"self":[{"href":"https:\/\/arquitectura.uanl.mx\/en\/wp-json\/wp\/v2\/pages\/43849"}],"collection":[{"href":"https:\/\/arquitectura.uanl.mx\/en\/wp-json\/wp\/v2\/pages"}],"about":[{"href":"https:\/\/arquitectura.uanl.mx\/en\/wp-json\/wp\/v2\/types\/page"}],"author":[{"embeddable":true,"href":"https:\/\/arquitectura.uanl.mx\/en\/wp-json\/wp\/v2\/users\/168"}],"replies":[{"embeddable":true,"href":"https:\/\/arquitectura.uanl.mx\/en\/wp-json\/wp\/v2\/comments?post=43849"}],"version-history":[{"count":5,"href":"https:\/\/arquitectura.uanl.mx\/en\/wp-json\/wp\/v2\/pages\/43849\/revisions"}],"predecessor-version":[{"id":49375,"href":"https:\/\/arquitectura.uanl.mx\/en\/wp-json\/wp\/v2\/pages\/43849\/revisions\/49375"}],"wp:attachment":[{"href":"https:\/\/arquitectura.uanl.mx\/en\/wp-json\/wp\/v2\/media?parent=43849"}],"wp:term":[{"taxonomy":"post_tag","embeddable":true,"href":"https:\/\/arquitectura.uanl.mx\/en\/wp-json\/wp\/v2\/tags?post=43849"}],"curies":[{"name":"wp","href":"https:\/\/api.w.org\/{rel}","templated":true}]}}