
{"id":43539,"date":"2020-09-17T12:07:38","date_gmt":"2020-09-17T18:07:38","guid":{"rendered":"https:\/\/arquitectura.uanl.mx\/?page_id=43539"},"modified":"2025-11-03T09:52:06","modified_gmt":"2025-11-03T15:52:06","slug":"cuerpos-academicos","status":"publish","type":"page","link":"https:\/\/arquitectura.uanl.mx\/en\/cuerpos-academicos\/","title":{"rendered":"Academic Units"},"content":{"rendered":"<table width=\"1429\">\n<tbody>\n<tr>\n<td rowspan=\"2\" width=\"253\">Cuerpo Acad\u00e9mico<\/td>\n<td rowspan=\"2\" width=\"168\">Categor\u00eda<\/td>\n<td rowspan=\"2\" width=\"532\">L\u00edneas de Generaci\u00f3n y Aplicaci\u00f3n de Conocimiento.<\/td>\n<td rowspan=\"2\" width=\"476\">Miembros<\/td>\n<\/tr>\n<\/tbody>\n<\/table>\n<table width=\"1429\">\n<tbody>\n<tr>\n<td rowspan=\"4\" width=\"253\"><span style=\"font-weight: 400;\">UANL-CA-410 \u2013 NODYC (Nodo de Dise\u00f1o y Complejidad)<\/span><\/td>\n<td rowspan=\"4\" width=\"168\">Consolidado<\/td>\n<td rowspan=\"4\" width=\"532\">\n<ul>\n<li>Dise\u00f1o, arquitectura y urbanismo con enfoque sist\u00e9mico y de complejidad.<\/li>\n<li>Dise\u00f1o e innovaci\u00f3n a trav\u00e9s del an\u00e1lisis de entornos y din\u00e1micas sociales.<\/li>\n<li>Percepci\u00f3n desde un enfoque complejo del sistema hombre-objeto- entorno.<\/li>\n<\/ul>\n<\/td>\n<td width=\"476\"><a href=\"http:\/\/uanl.mx\/investigadores\/liliana-beatriz-sosa-compean\/\">Dra. Liliana Beatriz Sosa Compe\u00e1n (L\u00edder de C.A.)<\/a><\/td>\n<\/tr>\n<tr>\n<td width=\"476\"><a href=\"https:\/\/www.uanl.mx\/investigadores\/sofia-alejandra-luna-rodriguez\/\">Dra. Sof\u00eda Alejandra Luna Rodr\u00edguez<\/a><\/td>\n<\/tr>\n<tr>\n<td width=\"476\"><a href=\"https:\/\/www.uanl.mx\/investigadores\/marta-nydia-molina-gonzalez\/\">Dra. Marta Nydia Molina Gonz\u00e1lez<\/a><\/td>\n<\/tr>\n<tr>\n<td width=\"476\"><a href=\"https:\/\/www.uanl.mx\/investigadores\/sonia-guadalupe-rivera-castillo\/\">Dra. Sonia Guadalupe Rivera Castillo<\/a><\/td>\n<\/tr>\n<\/tbody>\n<\/table>\n<table width=\"1429\">\n<tbody>\n<tr>\n<td rowspan=\"4\" width=\"253\"><span style=\"font-weight: 400;\">UANL-CA-206 \u2013 Estudios sobre Dise\u00f1o<\/span><\/td>\n<td rowspan=\"4\" width=\"168\">Consolidado<\/td>\n<td rowspan=\"4\" width=\"532\">\n<ul>\n<li style=\"font-weight: 400;\" aria-level=\"1\"><span style=\"font-weight: 400;\">Dise\u00f1o arquitect\u00f3nico.<\/span><\/li>\n<li style=\"font-weight: 400;\" aria-level=\"1\"><span style=\"font-weight: 400;\">Teor\u00eda de la arquitectura y cr\u00edtica.<\/span><\/li>\n<li style=\"font-weight: 400;\" aria-level=\"1\"><span style=\"font-weight: 400;\">Dise\u00f1o urbano.<\/span><\/li>\n<\/ul>\n<\/td>\n<td width=\"476\"><a href=\"https:\/\/www.uanl.mx\/investigadores\/adolfo-benito-narvaez-tijerina\/\">Dr. Adolfo Benito Narv\u00e1ez Tijerina (L\u00edder del C.A.)<\/a><\/td>\n<\/tr>\n<tr>\n<td width=\"476\"><a href=\"https:\/\/www.uanl.mx\/investigadores\/jesus-manuel-fitch-osuna\/\">Dr. Jes\u00fas Manuel Fitch Osuna<\/a><\/td>\n<\/tr>\n<tr>\n<td width=\"476\"><a href=\"https:\/\/www.uanl.mx\/investigadores\/gerardo-vazquez-rodriguez\/\">Dr. Gerardo V\u00e1zquez Rodr\u00edguez<\/a><\/td>\n<\/tr>\n<tr>\n<td width=\"476\"><a href=\"https:\/\/www.uanl.mx\/investigadores\/diana-isabel-maldonado-flores\/\">Dra. Diana Isabel Maldonado Flores<\/a><\/td>\n<\/tr>\n<\/tbody>\n<\/table>\n<table width=\"1429\">\n<tbody>\n<tr>\n<td rowspan=\"4\" width=\"253\"><span style=\"font-weight: 400;\">UANL-CA-207 \u2013 Aspectos Urbanos<\/span><\/td>\n<td rowspan=\"4\" width=\"168\">Consolidado<\/td>\n<td rowspan=\"4\" width=\"532\">\n<ul>\n<li style=\"font-weight: 400;\" aria-level=\"1\"><span style=\"font-weight: 400;\">An\u00e1lisis espacial de la poblaci\u00f3n y sus actividades econ\u00f3micas en M\u00e9xico.<\/span><\/li>\n<li style=\"font-weight: 400;\" aria-level=\"1\"><span style=\"font-weight: 400;\">An\u00e1lisis del crecimiento expansivo en \u00e1reas metropolitanas.<\/span><\/li>\n<li style=\"font-weight: 400;\" aria-level=\"1\"><span style=\"font-weight: 400;\">Edificaci\u00f3n y construcci\u00f3n sustentable en el marco del crecimiento metropolitano.<\/span><\/li>\n<li style=\"font-weight: 400;\" aria-level=\"1\"><span style=\"font-weight: 400;\">Distribuci\u00f3n socio-espacial, representaciones sociales y segregaci\u00f3n socio-espacial.<\/span><\/li>\n<\/ul>\n<\/td>\n<td width=\"476\"><a href=\"https:\/\/www.uanl.mx\/investigadores\/eduardo-sousa-gonzalez\/\">Dr. Eduardo Sousa Gonz\u00e1lez (L\u00edder de C.A.)<\/a><\/td>\n<\/tr>\n<tr>\n<td width=\"476\"><a href=\"https:\/\/www.uanl.mx\/investigadores\/carlos-leal-iga\/\">Dr. Carlos Leal Iga<\/a><\/td>\n<\/tr>\n<tr>\n<td width=\"476\"><a href=\"https:\/\/www.uanl.mx\/investigadores\/jesus-antonio-trevino-cantu\/\">Dr. Jes\u00fas Trevi\u00f1o Cant\u00fa<\/a><\/td>\n<\/tr>\n<tr>\n<td width=\"476\"><a href=\"https:\/\/www.uanl.mx\/investigadores\/carlos-estuardo-aparicio-moreno\/\">Dr. Carlos Estuardo Aparicio Moreno<\/a><\/td>\n<\/tr>\n<\/tbody>\n<\/table>\n<table width=\"1429\">\n<tbody>\n<tr>\n<td rowspan=\"4\" width=\"253\"><span style=\"font-weight: 400;\">UANL-CA-487 \u2013 Estudios Transdiciplinados sobre Entornos Urbanos y Sociedad (ETUS)<\/span><\/td>\n<td rowspan=\"4\" width=\"168\">En consolidaci\u00f3n<\/td>\n<td rowspan=\"4\" width=\"532\">\n<ul>\n<li>Espacio p\u00fablico.<\/li>\n<li>Vulnerabilidad social e inclusi\u00f3n.<\/li>\n<li>Pol\u00edticas p\u00fablicas y ciudadan\u00eda.<\/li>\n<\/ul>\n<\/td>\n<td width=\"476\"><a href=\"https:\/\/www.uanl.mx\/investigadores\/amanda-melissa-casillas-zapata\/\">Dra. Amanda Melissa Casillas Zapata (L\u00edder de C.A.)<\/a><\/td>\n<\/tr>\n<tr>\n<td width=\"476\"><a href=\"https:\/\/www.uanl.mx\/investigadores\/lydia-marcela-adame-rivera\/\">Dra. Lydia Marcela Adame Rivera<\/a><\/td>\n<\/tr>\n<tr>\n<td width=\"476\"><a href=\"https:\/\/www.uanl.mx\/funcionarios\/maria-teresa-cedillo-salazar\/\">Dra. Mar\u00eda Teresa Cedillo Salazar<\/a><\/td>\n<\/tr>\n<tr>\n<td width=\"476\"><a href=\"https:\/\/www.uanl.mx\/investigadores\/ramon-ramirez-ibarra\/\">Dr. Ram\u00f3n Ram\u00edrez Ibarra<\/a><\/td>\n<\/tr>\n<\/tbody>\n<\/table>\n<table width=\"1429\">\n<tbody>\n<tr>\n<td rowspan=\"4\" width=\"253\"><span style=\"font-weight: 400;\">UANL-CA-311 \u2013 3X4 ARQ.: Teor\u00eda, historia y cr\u00edtica de la arquitectura, de la ciudad, del arte y de la cultura.<\/span><\/td>\n<td rowspan=\"4\" width=\"168\">En formaci\u00f3n<\/td>\n<td rowspan=\"4\" width=\"532\">\n<ul>\n<li style=\"font-weight: 400;\" aria-level=\"1\"><span style=\"font-weight: 400;\">Teor\u00eda, historia y\/o cr\u00edtica de la arquitectura.<\/span><\/li>\n<li style=\"font-weight: 400;\" aria-level=\"1\"><span style=\"font-weight: 400;\">Teor\u00eda, historia y\/o cr\u00edtica de la ciudad.<\/span><\/li>\n<li style=\"font-weight: 400;\" aria-level=\"1\"><span style=\"font-weight: 400;\">Teor\u00eda, historia y\/o cr\u00edtica del arte.<\/span><\/li>\n<li style=\"font-weight: 400;\" aria-level=\"1\"><span style=\"font-weight: 400;\">Teor\u00eda, historia y\/o cr\u00edtica de la cultura.<\/span><\/li>\n<\/ul>\n<\/td>\n<td width=\"476\"><a href=\"https:\/\/www.uanl.mx\/investigadores\/jesus-humberto-montemayor-bosque\/\">Dr. Jes\u00fas Humberto Montemayor Bosque (L\u00edder de C.A.)<\/a><\/td>\n<\/tr>\n<tr>\n<td><a href=\"https:\/\/www.uanl.mx\/investigadores\/alejandro-garcia-garcia\/\">Dr. Alejandro Garc\u00eda Garc\u00eda<\/a><\/td>\n<\/tr>\n<tr>\n<td width=\"476\"><span style=\"font-weight: 400;\">M.C. Alberto Canavati Espinosa<\/span><\/td>\n<\/tr>\n<tr>\n<td width=\"476\"><span style=\"font-weight: 400;\">M.C. Jos\u00e9 Miguel Rom\u00e1n C\u00e1rdenas<\/span><\/td>\n<\/tr>\n<\/tbody>\n<\/table>\n<p>&nbsp;<\/p>","protected":false},"excerpt":{"rendered":"<p>Cuerpo Acad\u00e9mico Categor\u00eda L\u00edneas de Generaci\u00f3n y Aplicaci\u00f3n de Conocimiento. Miembros UANL-CA-410 \u2013 NODYC (Nodo de Dise\u00f1o y Complejidad) Consolidado Dise\u00f1o, arquitectura y urbanismo con enfoque sist\u00e9mico y de complejidad. Dise\u00f1o e innovaci\u00f3n a trav\u00e9s del an\u00e1lisis de entornos y din\u00e1micas sociales. Percepci\u00f3n desde un enfoque complejo del sistema hombre-objeto- entorno. Dra. Liliana Beatriz Sosa [&hellip;]<\/p>","protected":false},"author":21,"featured_media":0,"parent":0,"menu_order":0,"comment_status":"closed","ping_status":"closed","template":"page-templates\/template_cuerpos_academicos.php","meta":[],"tags":[],"_links":{"self":[{"href":"https:\/\/arquitectura.uanl.mx\/en\/wp-json\/wp\/v2\/pages\/43539"}],"collection":[{"href":"https:\/\/arquitectura.uanl.mx\/en\/wp-json\/wp\/v2\/pages"}],"about":[{"href":"https:\/\/arquitectura.uanl.mx\/en\/wp-json\/wp\/v2\/types\/page"}],"author":[{"embeddable":true,"href":"https:\/\/arquitectura.uanl.mx\/en\/wp-json\/wp\/v2\/users\/21"}],"replies":[{"embeddable":true,"href":"https:\/\/arquitectura.uanl.mx\/en\/wp-json\/wp\/v2\/comments?post=43539"}],"version-history":[{"count":35,"href":"https:\/\/arquitectura.uanl.mx\/en\/wp-json\/wp\/v2\/pages\/43539\/revisions"}],"predecessor-version":[{"id":50180,"href":"https:\/\/arquitectura.uanl.mx\/en\/wp-json\/wp\/v2\/pages\/43539\/revisions\/50180"}],"wp:attachment":[{"href":"https:\/\/arquitectura.uanl.mx\/en\/wp-json\/wp\/v2\/media?parent=43539"}],"wp:term":[{"taxonomy":"post_tag","embeddable":true,"href":"https:\/\/arquitectura.uanl.mx\/en\/wp-json\/wp\/v2\/tags?post=43539"}],"curies":[{"name":"wp","href":"https:\/\/api.w.org\/{rel}","templated":true}]}}