
{"id":42068,"date":"2019-12-02T12:45:47","date_gmt":"2019-12-02T18:45:47","guid":{"rendered":"https:\/\/arquitectura.uanl.mx\/?page_id=42068"},"modified":"2024-11-04T08:19:45","modified_gmt":"2024-11-04T14:19:45","slug":"posgrado","status":"publish","type":"page","link":"https:\/\/arquitectura.uanl.mx\/en\/posgrado\/","title":{"rendered":"Graduate"},"content":{"rendered":"<p>Learn more<\/p>\n<h2>MA in Sciences<\/h2>\n<ul>\n<li><a href=\"http:\/\/posgrado.uanl.mx\/maestria-en-ciencias-con-orientacion-en-asuntos-urbanos-2018\/\">MA in Sciences Major in Urban Issues<\/a><\/li>\n<li><a href=\"http:\/\/posgrado.uanl.mx\/maestria-en-ciencias-con-orientacion-en-diseno-y-gestion-de-la-arquitectura\/\">MA in Sciences Major in Architecture design and management<\/a><\/li>\n<li><a href=\"http:\/\/posgrado.uanl.mx\/maestria-en-ciencias-con-orientacion-en-gestion-e-innovacion-del-diseno-2018\/\">MA in Sciences Major in Design and Innovation Management<\/a><\/li>\n<\/ul>\n<p>&nbsp;<\/p>\n<h2>Master's degrees<\/h2>\n<ul>\n<li><a href=\"http:\/\/posgrado.uanl.mx\/maestria-en-administracion-de-proyectos-de-edificacion-2018\/\">MA in Projects Administration for Building<\/a><\/li>\n<li><a href=\"http:\/\/posgrado.uanl.mx\/maestria-en-valuacion-2018\/\">MA in Valuation<\/a><\/li>\n<li><a href=\"http:\/\/posgrado.uanl.mx\/maestria-en-arquitectura-de-infraestructura-medica\/\">MA in Architecture of Medical Infrastructure<\/a><\/li>\n<li><a href=\"http:\/\/posgrado.uanl.mx\/maestria-en-diseno-de-interiores-y-ambientes-arquitectonicos\/\">MA in Interior Design and Architectural Environments<\/a><\/li>\n<\/ul>\n<h2><\/h2>\n<h2>Postgraduate education<\/h2>\n<ul>\n<li><a href=\"http:\/\/posgrado.uanl.mx\/doctorado-en-filosofia-con-orientacion-en-arquitectura-y-asuntos-urbanos\/\">PhD in Philosophy Major in Architecture and Urban Issues<\/a><\/li>\n<\/ul>\n<h2><\/h2>","protected":false},"excerpt":{"rendered":"<p>Conoce los programas acad\u00e9micos de posgrado de la Facultad de Arquitectura UANL. Maestr\u00edas en Ciencias Maestr\u00eda en Ciencias con Orientaci\u00f3n en Asuntos Urbanos Maestr\u00eda en Ciencias con Orientaci\u00f3n en Dise\u00f1o y Gesti\u00f3n de la Arquitectura Maestr\u00eda en Ciencias con Orientaci\u00f3n en Gesti\u00f3n e Innovaci\u00f3n del Dise\u00f1o &nbsp; Maestr\u00edas Profesionalizantes Maestr\u00eda en Administraci\u00f3n de Proyectos en [&hellip;]<\/p>","protected":false},"author":21,"featured_media":0,"parent":0,"menu_order":0,"comment_status":"closed","ping_status":"closed","template":"page-templates\/template_contenido_estandar_page.php","meta":[],"tags":[6505,6503,6504,6502,6501,6500],"_links":{"self":[{"href":"https:\/\/arquitectura.uanl.mx\/en\/wp-json\/wp\/v2\/pages\/42068"}],"collection":[{"href":"https:\/\/arquitectura.uanl.mx\/en\/wp-json\/wp\/v2\/pages"}],"about":[{"href":"https:\/\/arquitectura.uanl.mx\/en\/wp-json\/wp\/v2\/types\/page"}],"author":[{"embeddable":true,"href":"https:\/\/arquitectura.uanl.mx\/en\/wp-json\/wp\/v2\/users\/21"}],"replies":[{"embeddable":true,"href":"https:\/\/arquitectura.uanl.mx\/en\/wp-json\/wp\/v2\/comments?post=42068"}],"version-history":[{"count":18,"href":"https:\/\/arquitectura.uanl.mx\/en\/wp-json\/wp\/v2\/pages\/42068\/revisions"}],"predecessor-version":[{"id":49440,"href":"https:\/\/arquitectura.uanl.mx\/en\/wp-json\/wp\/v2\/pages\/42068\/revisions\/49440"}],"wp:attachment":[{"href":"https:\/\/arquitectura.uanl.mx\/en\/wp-json\/wp\/v2\/media?parent=42068"}],"wp:term":[{"taxonomy":"post_tag","embeddable":true,"href":"https:\/\/arquitectura.uanl.mx\/en\/wp-json\/wp\/v2\/tags?post=42068"}],"curies":[{"name":"wp","href":"https:\/\/api.w.org\/{rel}","templated":true}]}}