
{"id":41378,"date":"2019-11-12T11:48:55","date_gmt":"2019-11-12T17:48:55","guid":{"rendered":"https:\/\/arquitectura.uanl.mx\/?page_id=41378"},"modified":"2025-07-04T15:35:01","modified_gmt":"2025-07-04T21:35:01","slug":"proyectos-y-servicios","status":"publish","type":"page","link":"https:\/\/arquitectura.uanl.mx\/en\/proyectos-y-servicios\/","title":{"rendered":"Jefatura de Proyectos y Servicios Profesionales"},"content":{"rendered":"<p>A trav\u00e9s del Departamento de Jefatura de Proyectos y Servicios profesionales se ofrecen diversos servicios al sector p\u00fablico y privado tales como:<\/p>\n<p>Services available at the School of Architecture<\/p>\n<p><b>Proyectos Arquitect\u00f3nicos<\/b><\/p>\n<ul>\n<li><span style=\"font-family: Helvetica;\">Architectural projects\u00a0<\/span><\/li>\n<li><span style=\"font-family: Helvetica;\">Architectural supervision<\/span><\/li>\n<li><span style=\"font-family: Helvetica;\">Topograf\u00eda.<\/span><\/li>\n<li><span style=\"font-family: Helvetica;\">Ingenier\u00edas.\u00a0<\/span><\/li>\n<li><span style=\"font-family: Helvetica;\">Supervisi\u00f3n de obra.<\/span><\/li>\n<li><span style=\"font-family: Helvetica;\">Research<\/span><\/li>\n<\/ul>\n<p><span style=\"font-family: Helvetica;\"><b>Proyectos Urbanos<\/b><\/span><\/p>\n<ul>\n<li><span style=\"font-family: Helvetica;\">Proyectos de planeaci\u00f3n urbana.<\/span><\/li>\n<li><span style=\"font-family: Helvetica;\">Planes y programas de desarrollo urbano.<\/span><\/li>\n<li><span style=\"font-family: Helvetica;\">Urbanismo t\u00e1ctico.\u00a0<\/span><\/li>\n<li><span style=\"font-family: Helvetica;\">Cartograf\u00eda.\u00a0<\/span><\/li>\n<li><span style=\"font-family: Helvetica;\">Atlas de riesgos.\u00a0<\/span><\/li>\n<li><span style=\"font-family: Helvetica;\">Research<\/span><\/li>\n<li><span style=\"font-family: Helvetica;\">Fotogrametr\u00eda.<\/span><\/li>\n<li><span style=\"font-family: Helvetica;\">Visores urbanos.<\/span><\/li>\n<\/ul>\n<p><span style=\"font-family: Helvetica;\"><b>Proyectos de dise\u00f1o\u00a0<\/b><br \/>\n<\/span><\/p>\n<div>\n<ul>\n<li><span style=\"font-family: Helvetica;\">Dise\u00f1o de producto.<\/span><\/li>\n<li><span style=\"font-family: Helvetica;\">Dise\u00f1o y fabricaci\u00f3n de exhibiciones.<\/span><\/li>\n<li><span style=\"font-family: Helvetica;\">Dise\u00f1o y comunicaci\u00f3n visual.\u00a0<\/span><\/li>\n<li><span style=\"font-family: Helvetica;\">Dise\u00f1o de empaque.\u00a0<\/span><\/li>\n<li><span style=\"font-family: Helvetica;\">Dise\u00f1o de mobiliario.\u00a0<\/span><\/li>\n<li><span style=\"font-family: Helvetica;\">Fotograf\u00eda de producto.\u00a0<\/span><\/li>\n<li><span style=\"font-family: Helvetica;\">Dise\u00f1o UX\/UI.<\/span><\/li>\n<\/ul>\n<\/div>","protected":false},"excerpt":{"rendered":"<p>A trav\u00e9s del Departamento de Jefatura de Proyectos y Servicios profesionales se ofrecen diversos servicios al sector p\u00fablico y privado tales como: Servicios de la Facultad de Arquitectura Proyectos Arquitect\u00f3nicos Proyectos arquitect\u00f3nico-ejecutivo.\u00a0 Direcci\u00f3n arquitect\u00f3nica. Topograf\u00eda. Ingenier\u00edas.\u00a0 Supervisi\u00f3n de obra. Estudios. Proyectos Urbanos Proyectos de planeaci\u00f3n urbana. Planes y programas de desarrollo urbano. Urbanismo t\u00e1ctico.\u00a0 Cartograf\u00eda.\u00a0 [&hellip;]<\/p>","protected":false},"author":21,"featured_media":0,"parent":0,"menu_order":0,"comment_status":"closed","ping_status":"closed","template":"page-templates\/template_contenido_estandar_page.php","meta":[],"tags":[6281],"_links":{"self":[{"href":"https:\/\/arquitectura.uanl.mx\/en\/wp-json\/wp\/v2\/pages\/41378"}],"collection":[{"href":"https:\/\/arquitectura.uanl.mx\/en\/wp-json\/wp\/v2\/pages"}],"about":[{"href":"https:\/\/arquitectura.uanl.mx\/en\/wp-json\/wp\/v2\/types\/page"}],"author":[{"embeddable":true,"href":"https:\/\/arquitectura.uanl.mx\/en\/wp-json\/wp\/v2\/users\/21"}],"replies":[{"embeddable":true,"href":"https:\/\/arquitectura.uanl.mx\/en\/wp-json\/wp\/v2\/comments?post=41378"}],"version-history":[{"count":18,"href":"https:\/\/arquitectura.uanl.mx\/en\/wp-json\/wp\/v2\/pages\/41378\/revisions"}],"predecessor-version":[{"id":50015,"href":"https:\/\/arquitectura.uanl.mx\/en\/wp-json\/wp\/v2\/pages\/41378\/revisions\/50015"}],"wp:attachment":[{"href":"https:\/\/arquitectura.uanl.mx\/en\/wp-json\/wp\/v2\/media?parent=41378"}],"wp:term":[{"taxonomy":"post_tag","embeddable":true,"href":"https:\/\/arquitectura.uanl.mx\/en\/wp-json\/wp\/v2\/tags?post=41378"}],"curies":[{"name":"wp","href":"https:\/\/api.w.org\/{rel}","templated":true}]}}