
{"id":41369,"date":"2019-11-12T11:30:15","date_gmt":"2019-11-12T17:30:15","guid":{"rendered":"https:\/\/arquitectura.uanl.mx\/?page_id=41369"},"modified":"2025-10-31T13:26:39","modified_gmt":"2025-10-31T19:26:39","slug":"biblioteca","status":"publish","type":"page","link":"https:\/\/arquitectura.uanl.mx\/en\/biblioteca\/","title":{"rendered":"Library"},"content":{"rendered":"<h3>Centro de Informaci\u00f3n y Biblioteca (CIB)<\/h3>\n<p>&nbsp;<\/p>\n<p>Tiene como objetivo asegurar la disponibilidad de recursos educativos actualizados como f\u00edsicos y digitales, alineados con las necesidades del proceso de ense\u00f1anza-aprendizaje y las demandas de los estudiantes y docentes, para garantizar la mejora continua en la gesti\u00f3n de los recursos, la inclusi\u00f3n de tecnolog\u00edas innovadoras.<\/p>\n<p>El acervo de la biblioteca se compone de 20,278 t\u00edtulos y 22,478 vol\u00famenes, entre libros, publicaciones peri\u00f3dicas, tesis impresas y digitales, juegos de planos y cartograf\u00eda, entre otros.<\/p>\n<p>La mayor parte del material bibliogr\u00e1fico lo constituyen temas de arquitectura, urbanismo, construcci\u00f3n y dise\u00f1o, por lo que se denomina como una Biblioteca especializada en las ciencias del habitat.<\/p>\n<p>La biblioteca est\u00e1 integrada al Sistema Integral de Bibliotecas de la UANL (SIBUANL) el cual se conforma por 5 subsistemas, que comprenden 84 bibliotecas distribuidas en las diversas facultades, escuelas y campus de la Universidad, por lo cual se beneficia con el acceso a todos sus cat\u00e1logos.<\/p>\n<p>One of the benefits of belonging to this system is having access to UANL Digital Library's database. This guarantees digital access to texts, abstracts and bibliographic indexes of various publications.<\/p>\n<p>Using the\u00a0<a href=\"https:\/\/www.dgb.uanl.mx\/?mod=bases_datos\">Data Base<\/a>the university community has access to 45 electronic tools provided by the UANL and CONRICYT, including approximately 96,000 titles, 1,400,000 theses and 70,000 electronic books<\/p>\n<p>&nbsp;<\/p>\n<p>Services<\/p>\n<p>The collection is available in the electronic catalog C\u00f3dice and physically on open shelves.<\/p>\n<p>&nbsp;<\/p>\n<p>Infraestructura<\/p>\n<p>La biblioteca tiene una superficie total de 720 mts cuadrados,\u00a0la cual se divide en sala general, sala de mediateca, sala de proyecci\u00f3n, 5 salas de trabajo compartido y de estudio, de las cuales 4 est\u00e1n destinadas a alumnos y una para docentes, adem\u00e1s, \u00e1rea de estanter\u00eda y \u00e1rea administrativa. En las salas se encuentran distribuidas 53 mesas de trabajo, cada una de ellas provista de las conexiones necesarias para que los estudiantes puedan conectar sus equipos port\u00e1tiles, igualmente se cuenta con internet remoto y wifi, adem\u00e1s de 12 cub\u00edculos individuales de lectura y 216 asientos. De la misma manera se proporcionan 10 equipos de c\u00f3mputo con internet, de los cuales 2 se destinan para realizar b\u00fasquedas en material bibliogr\u00e1fico en el cat\u00e1logo \u201cC\u00f3dice\u201d que es el sistema de administraci\u00f3n de bibliotecas que proporciona la Universidad, y las otras 8 para el uso de los estudiantes en sus actividades escolares.<\/p>\n<p>&nbsp;<\/p>\n<p>Book loans<\/p>\n<p>The loan of books is available to students of this school, and they must present valid student identification card.<\/p>\n<table width=\"607\">\n<tbody>\n<tr>\n<td colspan=\"4\" width=\"694\">Guidelines<\/td>\n<\/tr>\n<tr>\n<td>User<\/td>\n<td>Number of books<\/td>\n<td>Days on loan<\/td>\n<td>Renewing your loans<\/td>\n<\/tr>\n<tr>\n<td>Students<\/td>\n<td>3<\/td>\n<td>7<\/td>\n<td>2<\/td>\n<\/tr>\n<tr>\n<td>Professors \/ Researchers<\/td>\n<td>4<\/td>\n<td>14<\/td>\n<td>2<\/td>\n<\/tr>\n<tr>\n<td>Staff<\/td>\n<td>3<\/td>\n<td>7<\/td>\n<td>2<\/td>\n<\/tr>\n<\/tbody>\n<\/table>\n<p><em>Nota: se aplica una multa de $13 por libro y por d\u00eda, si no se entrega a tiempo.<\/em><\/p>\n<p>Interlibrary loan: possible under certain conditions upon written request.<\/p>\n<p>Horario:\u00a09:00 \u2013 16:00 hrs.<\/p>","protected":false},"excerpt":{"rendered":"<p>Centro de Informaci\u00f3n y Biblioteca (CIB) &nbsp; Tiene como objetivo asegurar la disponibilidad de recursos educativos actualizados como f\u00edsicos y digitales, alineados con las necesidades del proceso de ense\u00f1anza-aprendizaje y las demandas de los estudiantes y docentes, para garantizar la mejora continua en la gesti\u00f3n de los recursos, la inclusi\u00f3n de tecnolog\u00edas innovadoras. El acervo [&hellip;]<\/p>","protected":false},"author":21,"featured_media":0,"parent":0,"menu_order":0,"comment_status":"closed","ping_status":"closed","template":"page-templates\/template_contenido_estandar_page.php","meta":[],"tags":[6499],"_links":{"self":[{"href":"https:\/\/arquitectura.uanl.mx\/en\/wp-json\/wp\/v2\/pages\/41369"}],"collection":[{"href":"https:\/\/arquitectura.uanl.mx\/en\/wp-json\/wp\/v2\/pages"}],"about":[{"href":"https:\/\/arquitectura.uanl.mx\/en\/wp-json\/wp\/v2\/types\/page"}],"author":[{"embeddable":true,"href":"https:\/\/arquitectura.uanl.mx\/en\/wp-json\/wp\/v2\/users\/21"}],"replies":[{"embeddable":true,"href":"https:\/\/arquitectura.uanl.mx\/en\/wp-json\/wp\/v2\/comments?post=41369"}],"version-history":[{"count":22,"href":"https:\/\/arquitectura.uanl.mx\/en\/wp-json\/wp\/v2\/pages\/41369\/revisions"}],"predecessor-version":[{"id":50178,"href":"https:\/\/arquitectura.uanl.mx\/en\/wp-json\/wp\/v2\/pages\/41369\/revisions\/50178"}],"wp:attachment":[{"href":"https:\/\/arquitectura.uanl.mx\/en\/wp-json\/wp\/v2\/media?parent=41369"}],"wp:term":[{"taxonomy":"post_tag","embeddable":true,"href":"https:\/\/arquitectura.uanl.mx\/en\/wp-json\/wp\/v2\/tags?post=41369"}],"curies":[{"name":"wp","href":"https:\/\/api.w.org\/{rel}","templated":true}]}}