
{"id":35067,"date":"2019-02-27T12:07:18","date_gmt":"2019-02-27T18:07:18","guid":{"rendered":"https:\/\/arquitectura.uanl.mx\/?page_id=35067"},"modified":"2019-03-06T15:27:55","modified_gmt":"2019-03-06T21:27:55","slug":"aviso-de-privacidad","status":"publish","type":"page","link":"https:\/\/arquitectura.uanl.mx\/en\/aviso-de-privacidad\/","title":{"rendered":"Aviso de privacidad"},"content":{"rendered":"<p>Los datos personales que voluntariamente proporciona a esta M\u00e1xima Casa de Estudios de forma electr\u00f3nica o personal, ser\u00e1n recabados, protegidos, incorporados y tratados en el Sistema de Datos Personales de esta Universidad Aut\u00f3noma de Nuevo Le\u00f3n, ubicada en Av. Universidad s\/n, Ciudad Universitaria, San Nicol\u00e1s de los Garza, Nuevo Le\u00f3n, ello, con fundamento en el p\u00e1rrafo segundo del art\u00edculo 16 de la Constituci\u00f3n Pol\u00edtica de los Estados Unidos Mexicanos en correlaci\u00f3n con la Ley General de Protecci\u00f3n de Datos Personales en Posesi\u00f3n de Sujetos Obligados, Ley de Transparencia y Acceso a la Informaci\u00f3n P\u00fablica del Estado de Nuevo Le\u00f3n, Ley de Transparencia y Acceso a la Informaci\u00f3n del Estado de Nuevo Le\u00f3n y Reglamento de Transparencia y Acceso a la Informaci\u00f3n P\u00fablica de esta UANL.<\/p>\n<p>Debiendo tomar en consideraci\u00f3n que por datos personales debe entenderse cualquier informaci\u00f3n concerniente a una persona f\u00edsica identificada o identificable, como lo son: domicilio particular, n\u00famero de tel\u00e9fono particular, cuenta personal de correo electr\u00f3nico, origen \u00e9tnico, estado de salud, huella digital, etc.<\/p>\n<p>En la inteligencia que el responsable del sistema de sus datos personales es la autoridad que los recaba, los mismos ser\u00e1n utilizados \u00fanica y exclusivamente para los fines propios de cada una de las Dependencias Universitarias que conforman \u00e9sta Instituci\u00f3n, tales como Escuelas Preparatorias, Facultades y Departamentos Administrativos. Asimismo, tales datos personales podr\u00e1n ser proporcionados \u00fanicamente a la Autoridad Universitaria, que al efecto acredite contar con facultad para ello.<\/p>\n<p>En caso de negativa a suministrar los datos personales requeridos por la autoridad y\/o funcionario, interrumpir\u00e1 indefinidamente el tr\u00e1mite y\/o procedimiento a realizar en esta Universidad.<\/p>\n<p>La autenticidad y actualizaci\u00f3n de los datos proporcionados es responsabilidad tanto de usted como de la autoridad que los recaba.<\/p>\n<p>Ahora bien usted podr\u00e1 ejercer sus derechos de Acceso, Rectificaci\u00f3n, Cancelaci\u00f3n u Oposici\u00f3n de sus Datos Personales, de manera presencial ante la Unidad de Transparencia, espec\u00edficamente en la Coordinaci\u00f3n de Protecci\u00f3n de Datos Personales de la UANL, o bien obtener el formato de solicitud de derechos ARCO en la p\u00e1gina, <a href=\"http:\/\/transparencia.uanl.mx\/\">transparencia.uanl.mx\u00a0<\/a><\/p>\n<p>Finalmente para cualquier cambio respecto a este Aviso de Privacidad, esta UANL se reserva el derecho a efectuar en cualquier momento modificaciones o actualizaciones al presente aviso y se compromete a informar a Usted, de manera oportuna, a trav\u00e9s de los medios adecuados como lo es esta p\u00e1gina web <a href=\"https:\/\/arquitectura.uanl.mx\/en\/\">arquitectura.uanl.mx<\/a> o mediante correo electr\u00f3nico que usted proporcione a esta Instituci\u00f3n.<\/p>","protected":false},"excerpt":{"rendered":"<p>Los datos personales que voluntariamente proporciona a esta M\u00e1xima Casa de Estudios de forma electr\u00f3nica o personal, ser\u00e1n recabados, protegidos, incorporados y tratados en el Sistema de Datos Personales de esta Universidad Aut\u00f3noma de Nuevo Le\u00f3n, ubicada en Av. Universidad s\/n, Ciudad Universitaria, San Nicol\u00e1s de los Garza, Nuevo Le\u00f3n, ello, con fundamento en el [&hellip;]<\/p>","protected":false},"author":2,"featured_media":0,"parent":0,"menu_order":0,"comment_status":"closed","ping_status":"closed","template":"page-templates\/template_contenido_estandar_page.php","meta":[],"tags":[4939],"_links":{"self":[{"href":"https:\/\/arquitectura.uanl.mx\/en\/wp-json\/wp\/v2\/pages\/35067"}],"collection":[{"href":"https:\/\/arquitectura.uanl.mx\/en\/wp-json\/wp\/v2\/pages"}],"about":[{"href":"https:\/\/arquitectura.uanl.mx\/en\/wp-json\/wp\/v2\/types\/page"}],"author":[{"embeddable":true,"href":"https:\/\/arquitectura.uanl.mx\/en\/wp-json\/wp\/v2\/users\/2"}],"replies":[{"embeddable":true,"href":"https:\/\/arquitectura.uanl.mx\/en\/wp-json\/wp\/v2\/comments?post=35067"}],"version-history":[{"count":3,"href":"https:\/\/arquitectura.uanl.mx\/en\/wp-json\/wp\/v2\/pages\/35067\/revisions"}],"predecessor-version":[{"id":37532,"href":"https:\/\/arquitectura.uanl.mx\/en\/wp-json\/wp\/v2\/pages\/35067\/revisions\/37532"}],"wp:attachment":[{"href":"https:\/\/arquitectura.uanl.mx\/en\/wp-json\/wp\/v2\/media?parent=35067"}],"wp:term":[{"taxonomy":"post_tag","embeddable":true,"href":"https:\/\/arquitectura.uanl.mx\/en\/wp-json\/wp\/v2\/tags?post=35067"}],"curies":[{"name":"wp","href":"https:\/\/api.w.org\/{rel}","templated":true}]}}