
{"id":2936,"date":"2018-07-25T17:02:21","date_gmt":"2018-07-25T17:02:21","guid":{"rendered":"https:\/\/arquitectura.uanl.mx\/?page_id=2936"},"modified":"2025-11-12T10:28:05","modified_gmt":"2025-11-12T16:28:05","slug":"deportes","status":"publish","type":"page","link":"https:\/\/arquitectura.uanl.mx\/en\/deportes\/","title":{"rendered":"Athletics"},"content":{"rendered":"<p><img decoding=\"async\" loading=\"lazy\" class=\"alignnone size-full wp-image-48163\" src=\"http:\/\/arquitectura.uanl.mx\/wp-content\/uploads\/2023\/08\/WhatsApp-Image-2023-08-24-at-2.44.54-PM.jpeg\" alt=\"\" width=\"1024\" height=\"346\" \/><\/p>\n<p>La Coordinaci\u00f3n de Deportes de la Facultad de Arquitectura tiene como objetivo primordial la formaci\u00f3n integral de los estudiantes a trav\u00e9s de la promoci\u00f3n de la actividad f\u00edsica y el deporte. Buscamos fomentar una mayor productividad acad\u00e9mica, mejorar la calidad de vida, ampliar la oferta de actividades deportivas y recreativas, y promover h\u00e1bitos saludables. Contamos con los siguientes deportes ofertados:<\/p>\n<p>&nbsp;<\/p>\n<ul>\n<li>Chess<\/li>\n<li>Athletics<\/li>\n<li>B\u00e1squetbol<\/li>\n<li>B\u00e1squetbol 3 x 3<\/li>\n<li>Bowling<\/li>\n<li>Ciclismo<\/li>\n<li>E-sports<\/li>\n<li>F\u00fatbol Americano<\/li>\n<li>F\u00fatbol R\u00e1pido<\/li>\n<li>F\u00fatbol Soccer<\/li>\n<li>Gimnasia Aer\u00f3bica<\/li>\n<li>Grupo de Animaci\u00f3n<\/li>\n<li>Handball<\/li>\n<li>Judo<\/li>\n<li>Karate Do<\/li>\n<li>Lima Lama<\/li>\n<li>Wrestling<\/li>\n<li>Swimming<\/li>\n<li>S\u00f3ftbol<\/li>\n<li>Rugby<\/li>\n<li>Tae Kwon Do<\/li>\n<li>Tennis<\/li>\n<li>Tenis de mesa<\/li>\n<li>Tiro con Arco<\/li>\n<li>Flag football<\/li>\n<li>Voleibol Sala<\/li>\n<li>Voleibol Playa<\/li>\n<li>Wu Shu<\/li>\n<\/ul>","protected":false},"excerpt":{"rendered":"<p>La Coordinaci\u00f3n de Deportes de la Facultad de Arquitectura tiene como objetivo primordial la formaci\u00f3n integral de los estudiantes a trav\u00e9s de la promoci\u00f3n de la actividad f\u00edsica y el deporte. Buscamos fomentar una mayor productividad acad\u00e9mica, mejorar la calidad de vida, ampliar la oferta de actividades deportivas y recreativas, y promover h\u00e1bitos saludables. Contamos [&hellip;]<\/p>","protected":false},"author":2,"featured_media":0,"parent":0,"menu_order":0,"comment_status":"closed","ping_status":"closed","template":"page-templates\/template_contenido_estandar_page.php","meta":[],"tags":[6273,927,6274,6275],"_links":{"self":[{"href":"https:\/\/arquitectura.uanl.mx\/en\/wp-json\/wp\/v2\/pages\/2936"}],"collection":[{"href":"https:\/\/arquitectura.uanl.mx\/en\/wp-json\/wp\/v2\/pages"}],"about":[{"href":"https:\/\/arquitectura.uanl.mx\/en\/wp-json\/wp\/v2\/types\/page"}],"author":[{"embeddable":true,"href":"https:\/\/arquitectura.uanl.mx\/en\/wp-json\/wp\/v2\/users\/2"}],"replies":[{"embeddable":true,"href":"https:\/\/arquitectura.uanl.mx\/en\/wp-json\/wp\/v2\/comments?post=2936"}],"version-history":[{"count":23,"href":"https:\/\/arquitectura.uanl.mx\/en\/wp-json\/wp\/v2\/pages\/2936\/revisions"}],"predecessor-version":[{"id":50237,"href":"https:\/\/arquitectura.uanl.mx\/en\/wp-json\/wp\/v2\/pages\/2936\/revisions\/50237"}],"wp:attachment":[{"href":"https:\/\/arquitectura.uanl.mx\/en\/wp-json\/wp\/v2\/media?parent=2936"}],"wp:term":[{"taxonomy":"post_tag","embeddable":true,"href":"https:\/\/arquitectura.uanl.mx\/en\/wp-json\/wp\/v2\/tags?post=2936"}],"curies":[{"name":"wp","href":"https:\/\/api.w.org\/{rel}","templated":true}]}}