
{"id":1597,"date":"2018-06-19T21:43:56","date_gmt":"2018-06-19T21:43:56","guid":{"rendered":"http:\/\/uanl-principal.avalogics.com\/?page_id=1597"},"modified":"2021-02-09T11:48:03","modified_gmt":"2021-02-09T17:48:03","slug":"antecedentes","status":"publish","type":"page","link":"https:\/\/arquitectura.uanl.mx\/en\/antecedentes\/","title":{"rendered":"History"},"content":{"rendered":"<p>The School of Architecture of Universidad Autonoma de Nuevo Leon, was born due to the progress, growth and development of culture in Monterrey and the north of Mexico.<\/p>\n<p>In 1946, in the midst of the development of the University during the presidency of Dr. Enrique C. Livas, we started to hear about the School of Architecture project.<\/p>\n<p>As a consequence, the School of Engineering under the direction of Manuel Martinez Carranza, added a course in architecture to its academic programs.<\/p>\n<p>Architects Joaqu\u00edn A. Mora and Lisandro Pe\u00f1a Jr. were invited to develop a career orientation course. Engineering and high school students participated in the course.<\/p>\n<p>In August of the same year, the School of Engineering asked the Honorable University Council for approval to begin the program. One month later, on September 18, the course started under the leadership of Joaquin A. Mora.<\/p>\n<p>Joaqu\u00edn Antonio Mora Alvarado, Lisandro Pe\u00f1a Flores and Oswaldo Reyes were the first professors in the field.<\/p>\n<p>The school's founders fostered within the graduates a culture of hard work and commitment for community service.<\/p>\n<p>Between 1946 and 1947 a total of 10 students were enrolled in the school, of which only one was a woman, Victoria Mares. The student population gradually increased until 2017 when the Bachelor of Architecture registered 3,470 students while the Bachelor of Industrial Design reached a number close to 1,640 students.<\/p>\n<p>The first School of Architecture was located in Colegio Civil, and shortly thereafter it was placed on Padre Mier Street, between Garibaldi and Cuauht\u00e9moc avenues.<\/p>\n<p>It was in 1962 when the present location in Ciudad Universitaria was officially established.<\/p>","protected":false},"excerpt":{"rendered":"<p>El origen de la Facultad de Arquitectura puede encontrarse en el af\u00e1n y deseo que la Universidad Aut\u00f3noma de Nuevo Le\u00f3n siempre ha tenido de llenar las necesidades creadas por el progreso, crecimiento y desarrollo de la cultura en Monterrey, en el estado de Nuevo Le\u00f3n y en todo el norte de la Rep\u00fablica. En [&hellip;]<\/p>","protected":false},"author":2,"featured_media":0,"parent":0,"menu_order":0,"comment_status":"closed","ping_status":"closed","template":"page-templates\/template_antecedentes.php","meta":[],"tags":[3635,3638,3637,3636],"_links":{"self":[{"href":"https:\/\/arquitectura.uanl.mx\/en\/wp-json\/wp\/v2\/pages\/1597"}],"collection":[{"href":"https:\/\/arquitectura.uanl.mx\/en\/wp-json\/wp\/v2\/pages"}],"about":[{"href":"https:\/\/arquitectura.uanl.mx\/en\/wp-json\/wp\/v2\/types\/page"}],"author":[{"embeddable":true,"href":"https:\/\/arquitectura.uanl.mx\/en\/wp-json\/wp\/v2\/users\/2"}],"replies":[{"embeddable":true,"href":"https:\/\/arquitectura.uanl.mx\/en\/wp-json\/wp\/v2\/comments?post=1597"}],"version-history":[{"count":50,"href":"https:\/\/arquitectura.uanl.mx\/en\/wp-json\/wp\/v2\/pages\/1597\/revisions"}],"predecessor-version":[{"id":43944,"href":"https:\/\/arquitectura.uanl.mx\/en\/wp-json\/wp\/v2\/pages\/1597\/revisions\/43944"}],"wp:attachment":[{"href":"https:\/\/arquitectura.uanl.mx\/en\/wp-json\/wp\/v2\/media?parent=1597"}],"wp:term":[{"taxonomy":"post_tag","embeddable":true,"href":"https:\/\/arquitectura.uanl.mx\/en\/wp-json\/wp\/v2\/tags?post=1597"}],"curies":[{"name":"wp","href":"https:\/\/api.w.org\/{rel}","templated":true}]}}